{"id":4638,"date":"2021-07-16T07:13:23","date_gmt":"2021-07-16T07:13:23","guid":{"rendered":"https:\/\/demo2wpopal.b-cdn.net\/bodoni\/?page_id=4638"},"modified":"2025-01-06T10:57:43","modified_gmt":"2025-01-06T09:57:43","slug":"contact-chateau-fonsalade","status":"publish","type":"page","link":"https:\/\/fonsalade.com\/en\/contact-chateau-fonsalade\/","title":{"rendered":"Contact"},"content":{"rendered":"<div data-elementor-type=\"wp-page\" data-elementor-id=\"4638\" class=\"elementor elementor-4638\">\n\t\t\t\t\t\t<section class=\"elementor-section elementor-top-section elementor-element elementor-element-3ca64d7a elementor-section-height-min-height elementor-section-content-middle elementor-section-full_width elementor-section-stretched elementor-section-height-default elementor-section-items-middle\" data-id=\"3ca64d7a\" data-element_type=\"section\" data-settings=\"{&quot;background_background&quot;:&quot;classic&quot;,&quot;stretch_section&quot;:&quot;section-stretched&quot;}\">\n\t\t\t\t\t\t\t<div class=\"elementor-background-overlay\"><\/div>\n\t\t\t\t\t\t\t<div class=\"elementor-container elementor-column-gap-default\">\n\t\t\t\t\t<div class=\"elementor-column elementor-col-100 elementor-top-column elementor-element elementor-element-35d18cea\" data-id=\"35d18cea\" data-element_type=\"column\">\n\t\t\t<div class=\"elementor-widget-wrap elementor-element-populated\">\n\t\t\t\t\t\t<div class=\"elementor-element elementor-element-6b508fbc elementor-invisible elementor-widget elementor-widget-heading\" data-id=\"6b508fbc\" data-element_type=\"widget\" data-settings=\"{&quot;_animation&quot;:&quot;fadeIn&quot;}\" data-widget_type=\"heading.default\">\n\t\t\t\t<div class=\"elementor-widget-container\">\n\t\t\t\t\t<h5 class=\"elementor-heading-title elementor-size-default\">Chateau fonsalade<\/h5>\t\t\t\t<\/div>\n\t\t\t\t<\/div>\n\t\t\t\t<div class=\"elementor-element elementor-element-2b8cf85c elementor-invisible elementor-widget elementor-widget-heading\" data-id=\"2b8cf85c\" data-element_type=\"widget\" data-settings=\"{&quot;_animation&quot;:&quot;fadeIn&quot;}\" data-widget_type=\"heading.default\">\n\t\t\t\t<div class=\"elementor-widget-container\">\n\t\t\t\t\t<h2 class=\"elementor-heading-title elementor-size-default\">Contact us<\/h2>\t\t\t\t<\/div>\n\t\t\t\t<\/div>\n\t\t\t\t\t<\/div>\n\t\t<\/div>\n\t\t\t\t\t<\/div>\n\t\t<\/section>\n\t\t\t\t<div class=\"elementor-section elementor-top-section elementor-element elementor-element-764ebfd elementor-section-stretched elementor-section-boxed elementor-section-height-default elementor-section-height-default\" data-id=\"764ebfd\" data-element_type=\"section\" data-settings=\"{&quot;stretch_section&quot;:&quot;section-stretched&quot;,&quot;background_background&quot;:&quot;classic&quot;}\">\n\t\t\t\t\t\t<div class=\"elementor-container elementor-column-gap-no\">\n\t\t\t\t\t<div class=\"elementor-column elementor-col-100 elementor-top-column elementor-element elementor-element-ba4deff\" data-id=\"ba4deff\" data-element_type=\"column\">\n\t\t\t<div class=\"elementor-widget-wrap elementor-element-populated\">\n\t\t\t\t\t\t<div class=\"elementor-element elementor-element-c68e2a1 elementor-widget elementor-widget-text-editor\" data-id=\"c68e2a1\" data-element_type=\"widget\" data-widget_type=\"text-editor.default\">\n\t\t\t\t<div class=\"elementor-widget-container\">\n\t\t\t\t\t\t\t\t\t<p>Questions ?<\/p>\t\t\t\t\t\t\t\t<\/div>\n\t\t\t\t<\/div>\n\t\t\t\t<div class=\"elementor-element elementor-element-c369b57 elementor-widget elementor-widget-heading\" data-id=\"c369b57\" data-element_type=\"widget\" data-widget_type=\"heading.default\">\n\t\t\t\t<div class=\"elementor-widget-container\">\n\t\t\t\t\t<h2 class=\"elementor-heading-title elementor-size-default\">Contact us<\/h2>\t\t\t\t<\/div>\n\t\t\t\t<\/div>\n\t\t\t\t<div class=\"elementor-element elementor-element-462b4e3 elementor-widget elementor-widget-spacer\" data-id=\"462b4e3\" data-element_type=\"widget\" data-widget_type=\"spacer.default\">\n\t\t\t\t<div class=\"elementor-widget-container\">\n\t\t\t\t\t\t\t<div class=\"elementor-spacer\">\n\t\t\t<div class=\"elementor-spacer-inner\"><\/div>\n\t\t<\/div>\n\t\t\t\t\t\t<\/div>\n\t\t\t\t<\/div>\n\t\t\t\t<div class=\"elementor-element elementor-element-154bab8 elementor-widget elementor-widget-text-editor\" data-id=\"154bab8\" data-element_type=\"widget\" data-widget_type=\"text-editor.default\">\n\t\t\t\t<div class=\"elementor-widget-container\">\n\t\t\t\t\t\t\t\t\t<p>Please fill out the form down here. If your request concerns a  estate visit, please use\u00a0<a href=\"https:\/\/fonsalade.com\/en\/visiter-fonsalade\/\">this dedicaded page.<\/a><\/p>\t\t\t\t\t\t\t\t<\/div>\n\t\t\t\t<\/div>\n\t\t\t\t\t<\/div>\n\t\t<\/div>\n\t\t\t\t\t<\/div>\n\t\t<\/div>\n\t\t\t\t<div class=\"elementor-section elementor-top-section elementor-element elementor-element-95807cd elementor-section-stretched elementor-section-boxed elementor-section-height-default elementor-section-height-default elementor-invisible\" data-id=\"95807cd\" data-element_type=\"section\" data-settings=\"{&quot;stretch_section&quot;:&quot;section-stretched&quot;,&quot;animation&quot;:&quot;fadeIn&quot;}\">\n\t\t\t\t\t\t<div class=\"elementor-container elementor-column-gap-no\">\n\t\t\t\t\t<div class=\"elementor-column elementor-col-50 elementor-top-column elementor-element elementor-element-e56d191\" data-id=\"e56d191\" data-element_type=\"column\">\n\t\t\t<div class=\"elementor-widget-wrap elementor-element-populated\">\n\t\t\t\t\t\t<div class=\"elementor-element elementor-element-6d6b13a elementor-widget elementor-widget-google_maps\" data-id=\"6d6b13a\" data-element_type=\"widget\" data-widget_type=\"google_maps.default\">\n\t\t\t\t<div class=\"elementor-widget-container\">\n\t\t\t\t\t\t\t<div class=\"elementor-custom-embed\">\n\t\t\t<iframe loading=\"lazy\"\n\t\t\t\t\tsrc=\"https:\/\/maps.google.com\/maps?q=fonsalade&#038;t=m&#038;z=10&#038;output=embed&#038;iwloc=near\"\n\t\t\t\t\ttitle=\"fonsalade\"\n\t\t\t\t\taria-label=\"fonsalade\"\n\t\t\t><\/iframe>\n\t\t<\/div>\n\t\t\t\t\t\t<\/div>\n\t\t\t\t<\/div>\n\t\t\t\t\t<\/div>\n\t\t<\/div>\n\t\t\t\t<div class=\"elementor-column elementor-col-50 elementor-top-column elementor-element elementor-element-02d1642\" data-id=\"02d1642\" data-element_type=\"column\">\n\t\t\t<div class=\"elementor-widget-wrap\">\n\t\t\t\t\t\t\t<\/div>\n\t\t<\/div>\n\t\t\t\t\t<\/div>\n\t\t<\/div>\n\t\t\t\t<div class=\"elementor-section elementor-top-section elementor-element elementor-element-6fb482a elementor-section-stretched elementor-section-boxed elementor-section-height-default elementor-section-height-default elementor-invisible\" data-id=\"6fb482a\" data-element_type=\"section\" data-settings=\"{&quot;stretch_section&quot;:&quot;section-stretched&quot;,&quot;animation&quot;:&quot;fadeIn&quot;}\">\n\t\t\t\t\t\t<div class=\"elementor-container elementor-column-gap-no\">\n\t\t\t\t\t<div class=\"elementor-column elementor-col-33 elementor-top-column elementor-element elementor-element-c2c983b\" data-id=\"c2c983b\" data-element_type=\"column\">\n\t\t\t<div class=\"elementor-widget-wrap elementor-element-populated\">\n\t\t\t\t\t\t<div class=\"elementor-element elementor-element-f3b63aa elementor-widget elementor-widget-heading\" data-id=\"f3b63aa\" data-element_type=\"widget\" data-widget_type=\"heading.default\">\n\t\t\t\t<div class=\"elementor-widget-container\">\n\t\t\t\t\t<h4 class=\"elementor-heading-title elementor-size-default\">Our address<\/h4>\t\t\t\t<\/div>\n\t\t\t\t<\/div>\n\t\t\t\t<div class=\"elementor-element elementor-element-fe648a3 elementor-widget elementor-widget-text-editor\" data-id=\"fe648a3\" data-element_type=\"widget\" data-widget_type=\"text-editor.default\">\n\t\t\t\t<div class=\"elementor-widget-container\">\n\t\t\t\t\t\t\t\t\t<div class=\"elementor-element elementor-element-7623c9e elementor-widget elementor-widget-text-editor\" data-id=\"7623c9e\" data-element_type=\"widget\" data-widget_type=\"text-editor.default\">\n<div class=\"elementor-widget-container\">\n<div class=\"et_pb_column et_pb_column_1_3 et_pb_column_2\">\n<div class=\"et_pb_blurb et_pb_module et_pb_bg_layout_light et_pb_text_align_center et_pb_blurb_0 et_pb_blurb_position_top\">\n<div class=\"et_pb_blurb_content\">\n<div class=\"et_pb_blurb_container\">\n<p><strong>Ch\u00e2teau Fonsalade<\/strong><br>Lieu-Dit Fonsalade<br>34490 Causses-et-Veyran<br>+33 4 49 06 82 50<br><a href=\"mailto:contact@fonsalade.com\">contact@fonsalade.com<\/a><\/p>\n<\/div>\n<\/div>\n<\/div>\n<\/div>\n<\/div>\n<\/div>\t\t\t\t\t\t\t\t<\/div>\n\t\t\t\t<\/div>\n\t\t\t\t\t<\/div>\n\t\t<\/div>\n\t\t\t\t<div class=\"elementor-column elementor-col-33 elementor-top-column elementor-element elementor-element-b62e364\" data-id=\"b62e364\" data-element_type=\"column\">\n\t\t\t<div class=\"elementor-widget-wrap elementor-element-populated\">\n\t\t\t\t\t\t<div class=\"elementor-element elementor-element-c6e148c elementor-widget elementor-widget-heading\" data-id=\"c6e148c\" data-element_type=\"widget\" data-widget_type=\"heading.default\">\n\t\t\t\t<div class=\"elementor-widget-container\">\n\t\t\t\t\t<h4 class=\"elementor-heading-title elementor-size-default\">GPS coordinates<\/h4>\t\t\t\t<\/div>\n\t\t\t\t<\/div>\n\t\t\t\t<div class=\"elementor-element elementor-element-c9d8994 elementor-widget elementor-widget-text-editor\" data-id=\"c9d8994\" data-element_type=\"widget\" data-widget_type=\"text-editor.default\">\n\t\t\t\t<div class=\"elementor-widget-container\">\n\t\t\t\t\t\t\t\t\t<ul><li><span style=\"background-color: var(--background);\">Latitude : 43.4744593<\/span><\/li><li>Longitude : 3.0861076<\/li><\/ul>\t\t\t\t\t\t\t\t<\/div>\n\t\t\t\t<\/div>\n\t\t\t\t\t<\/div>\n\t\t<\/div>\n\t\t\t\t<div class=\"elementor-column elementor-col-33 elementor-top-column elementor-element elementor-element-e96f1ac\" data-id=\"e96f1ac\" data-element_type=\"column\">\n\t\t\t<div class=\"elementor-widget-wrap elementor-element-populated\">\n\t\t\t\t\t\t<div class=\"elementor-element elementor-element-4693a54 elementor-widget elementor-widget-heading\" data-id=\"4693a54\" data-element_type=\"widget\" data-widget_type=\"heading.default\">\n\t\t\t\t<div class=\"elementor-widget-container\">\n\t\t\t\t\t<h4 class=\"elementor-heading-title elementor-size-default\">Usefull informations<\/h4>\t\t\t\t<\/div>\n\t\t\t\t<\/div>\n\t\t\t\t<div class=\"elementor-element elementor-element-6b428a9 elementor-widget elementor-widget-text-editor\" data-id=\"6b428a9\" data-element_type=\"widget\" data-widget_type=\"text-editor.default\">\n\t\t\t\t<div class=\"elementor-widget-container\">\n\t\t\t\t\t\t\t\t\t<ul><li>20 mn away from B\u00e9ziers (Airport \/ TGV train station)<\/li><li>45 mn away from Narbonne<\/li><li>60 mn away from Montpellier (Airport \/ TGV Train station)<\/li><li>120mn away from Toulouse (Airport \/ TGV train station)<\/li><\/ul>\t\t\t\t\t\t\t\t<\/div>\n\t\t\t\t<\/div>\n\t\t\t\t\t<\/div>\n\t\t<\/div>\n\t\t\t\t\t<\/div>\n\t\t<\/div>\n\t\t\t\t<div class=\"elementor-section elementor-top-section elementor-element elementor-element-14064d3 elementor-section-stretched elementor-section-boxed elementor-section-height-default elementor-section-height-default\" data-id=\"14064d3\" data-element_type=\"section\" data-settings=\"{&quot;stretch_section&quot;:&quot;section-stretched&quot;,&quot;background_background&quot;:&quot;classic&quot;}\">\n\t\t\t\t\t\t\t<div class=\"elementor-background-overlay\"><\/div>\n\t\t\t\t\t\t\t<div class=\"elementor-container elementor-column-gap-no\">\n\t\t\t\t\t<div class=\"elementor-column elementor-col-100 elementor-top-column elementor-element elementor-element-0522a4f\" data-id=\"0522a4f\" data-element_type=\"column\" data-settings=\"{&quot;background_background&quot;:&quot;classic&quot;}\">\n\t\t\t<div class=\"elementor-widget-wrap elementor-element-populated\">\n\t\t\t\t\t\t<div class=\"elementor-element elementor-element-5643eff elementor-widget elementor-widget-heading\" data-id=\"5643eff\" data-element_type=\"widget\" data-widget_type=\"heading.default\">\n\t\t\t\t<div class=\"elementor-widget-container\">\n\t\t\t\t\t<h2 class=\"elementor-heading-title elementor-size-default\">Newsletter<\/h2>\t\t\t\t<\/div>\n\t\t\t\t<\/div>\n\t\t\t\t<div class=\"elementor-element elementor-element-d6c7fb7 elementor-widget elementor-widget-heading\" data-id=\"d6c7fb7\" data-element_type=\"widget\" data-widget_type=\"heading.default\">\n\t\t\t\t<div class=\"elementor-widget-container\">\n\t\t\t\t\t<h2 class=\"elementor-heading-title elementor-size-default\">Subscribe<\/h2>\t\t\t\t<\/div>\n\t\t\t\t<\/div>\n\t\t\t\t\t<\/div>\n\t\t<\/div>\n\t\t\t\t\t<\/div>\n\t\t<\/div>\n\t\t\t\t<\/div>","protected":false},"excerpt":{"rendered":"<p>Chateau fonsalade Contactez-nous Des questions ? Contactez-nous N&rsquo;h\u00e9sitez pas \u00e0 remplir le formulaire ci-dessous. Si votre demande concerne une visite, merci d&rsquo;utiliser\u00a0cette page d\u00e9di\u00e9e. Envoyer NOTRE ADRESSE Ch\u00e2teau FonsaladeLieu-Dit Fonsalade34490 Causses-et-Veyran+33 4 49 06 82 50contact@fonsalade.com COORDONNEES GPS Latitude : 43.4744593 Longitude : 3.0861076 INFORMATIONS UTILES 20 mn de B\u00e9ziers (A\u00e9roport \/ gare TGV) 45 [&hellip;]<\/p>","protected":false},"author":1,"featured_media":0,"parent":0,"menu_order":0,"comment_status":"closed","ping_status":"closed","template":"elementor_header_footer","meta":{"inline_featured_image":false,"footnotes":""},"class_list":["post-4638","page","type-page","status-publish","hentry"],"yoast_head":"<!-- This site is optimized with the Yoast SEO plugin v24.5 - https:\/\/yoast.com\/wordpress\/plugins\/seo\/ -->\n<title>Fonsalade | Contact<\/title>\n<meta name=\"description\" content=\"Prenez contact avec notre \u00e9quipe. Ch\u00e2teau Fonsalade. Domaine viticole, vins rouges et ros\u00e9s. Saint-Chinian, Languedoc.\" \/>\n<meta name=\"robots\" content=\"index, follow, max-snippet:-1, max-image-preview:large, max-video-preview:-1\" \/>\n<link rel=\"canonical\" href=\"https:\/\/fonsalade.com\/en\/contact-chateau-fonsalade\/\" \/>\n<meta property=\"og:locale\" content=\"en_GB\" \/>\n<meta property=\"og:type\" content=\"article\" \/>\n<meta property=\"og:title\" content=\"Fonsalade | Contact\" \/>\n<meta property=\"og:description\" content=\"Prenez contact avec notre \u00e9quipe. Ch\u00e2teau Fonsalade. Domaine viticole, vins rouges et ros\u00e9s. Saint-Chinian, Languedoc.\" \/>\n<meta property=\"og:url\" content=\"https:\/\/fonsalade.com\/en\/contact-chateau-fonsalade\/\" \/>\n<meta property=\"og:site_name\" content=\"Fonsalade\" \/>\n<meta property=\"article:publisher\" content=\"https:\/\/www.facebook.com\/Fonsalade\" \/>\n<meta property=\"article:modified_time\" content=\"2025-01-06T09:57:43+00:00\" \/>\n<meta name=\"twitter:card\" content=\"summary_large_image\" \/>\n<meta name=\"twitter:site\" content=\"@Fonsalade\" \/>\n<meta name=\"twitter:label1\" content=\"Estimated reading time\" \/>\n\t<meta name=\"twitter:data1\" content=\"1 minute\" \/>\n<script type=\"application\/ld+json\" class=\"yoast-schema-graph\">{\"@context\":\"https:\/\/schema.org\",\"@graph\":[{\"@type\":\"WebPage\",\"@id\":\"https:\/\/fonsalade.com\/contact-chateau-fonsalade\/\",\"url\":\"https:\/\/fonsalade.com\/contact-chateau-fonsalade\/\",\"name\":\"Fonsalade | Contact\",\"isPartOf\":{\"@id\":\"https:\/\/fonsalade.com\/#website\"},\"datePublished\":\"2021-07-16T07:13:23+00:00\",\"dateModified\":\"2025-01-06T09:57:43+00:00\",\"description\":\"Prenez contact avec notre \u00e9quipe. Ch\u00e2teau Fonsalade. Domaine viticole, vins rouges et ros\u00e9s. Saint-Chinian, Languedoc.\",\"breadcrumb\":{\"@id\":\"https:\/\/fonsalade.com\/contact-chateau-fonsalade\/#breadcrumb\"},\"inLanguage\":\"en-GB\",\"potentialAction\":[{\"@type\":\"ReadAction\",\"target\":[\"https:\/\/fonsalade.com\/contact-chateau-fonsalade\/\"]}]},{\"@type\":\"BreadcrumbList\",\"@id\":\"https:\/\/fonsalade.com\/contact-chateau-fonsalade\/#breadcrumb\",\"itemListElement\":[{\"@type\":\"ListItem\",\"position\":1,\"name\":\"Accueil\",\"item\":\"https:\/\/fonsalade.com\/\"},{\"@type\":\"ListItem\",\"position\":2,\"name\":\"Contact\"}]},{\"@type\":\"WebSite\",\"@id\":\"https:\/\/fonsalade.com\/#website\",\"url\":\"https:\/\/fonsalade.com\/\",\"name\":\"Fonsalade\",\"description\":\"Grand Vin du Languedoc\",\"publisher\":{\"@id\":\"https:\/\/fonsalade.com\/#organization\"},\"potentialAction\":[{\"@type\":\"SearchAction\",\"target\":{\"@type\":\"EntryPoint\",\"urlTemplate\":\"https:\/\/fonsalade.com\/?s={search_term_string}\"},\"query-input\":{\"@type\":\"PropertyValueSpecification\",\"valueRequired\":true,\"valueName\":\"search_term_string\"}}],\"inLanguage\":\"en-GB\"},{\"@type\":\"Organization\",\"@id\":\"https:\/\/fonsalade.com\/#organization\",\"name\":\"Ch\u00e2teau Fonsalade\",\"url\":\"https:\/\/fonsalade.com\/\",\"logo\":{\"@type\":\"ImageObject\",\"inLanguage\":\"en-GB\",\"@id\":\"https:\/\/fonsalade.com\/#\/schema\/logo\/image\/\",\"url\":\"https:\/\/fonsalade.com\/wp-content\/uploads\/2022\/02\/cropped-logo-Fonsalade.png\",\"contentUrl\":\"https:\/\/fonsalade.com\/wp-content\/uploads\/2022\/02\/cropped-logo-Fonsalade.png\",\"width\":300,\"height\":200,\"caption\":\"Ch\u00e2teau Fonsalade\"},\"image\":{\"@id\":\"https:\/\/fonsalade.com\/#\/schema\/logo\/image\/\"},\"sameAs\":[\"https:\/\/www.facebook.com\/Fonsalade\",\"https:\/\/x.com\/Fonsalade\",\"https:\/\/www.instagram.com\/chateau_fonsalade\/\",\"https:\/\/www.linkedin.com\/company\/chateau-fonsalade\/\"]}]}<\/script>\n<!-- \/ Yoast SEO plugin. -->","yoast_head_json":{"title":"Fonsalade | Contact","description":"Prenez contact avec notre \u00e9quipe. Ch\u00e2teau Fonsalade. Domaine viticole, vins rouges et ros\u00e9s. Saint-Chinian, Languedoc.","robots":{"index":"index","follow":"follow","max-snippet":"max-snippet:-1","max-image-preview":"max-image-preview:large","max-video-preview":"max-video-preview:-1"},"canonical":"https:\/\/fonsalade.com\/en\/contact-chateau-fonsalade\/","og_locale":"en_GB","og_type":"article","og_title":"Fonsalade | Contact","og_description":"Prenez contact avec notre \u00e9quipe. Ch\u00e2teau Fonsalade. Domaine viticole, vins rouges et ros\u00e9s. Saint-Chinian, Languedoc.","og_url":"https:\/\/fonsalade.com\/en\/contact-chateau-fonsalade\/","og_site_name":"Fonsalade","article_publisher":"https:\/\/www.facebook.com\/Fonsalade","article_modified_time":"2025-01-06T09:57:43+00:00","twitter_card":"summary_large_image","twitter_site":"@Fonsalade","twitter_misc":{"Estimated reading time":"1 minute"},"schema":{"@context":"https:\/\/schema.org","@graph":[{"@type":"WebPage","@id":"https:\/\/fonsalade.com\/contact-chateau-fonsalade\/","url":"https:\/\/fonsalade.com\/contact-chateau-fonsalade\/","name":"Fonsalade | Contact","isPartOf":{"@id":"https:\/\/fonsalade.com\/#website"},"datePublished":"2021-07-16T07:13:23+00:00","dateModified":"2025-01-06T09:57:43+00:00","description":"Prenez contact avec notre \u00e9quipe. Ch\u00e2teau Fonsalade. Domaine viticole, vins rouges et ros\u00e9s. Saint-Chinian, Languedoc.","breadcrumb":{"@id":"https:\/\/fonsalade.com\/contact-chateau-fonsalade\/#breadcrumb"},"inLanguage":"en-GB","potentialAction":[{"@type":"ReadAction","target":["https:\/\/fonsalade.com\/contact-chateau-fonsalade\/"]}]},{"@type":"BreadcrumbList","@id":"https:\/\/fonsalade.com\/contact-chateau-fonsalade\/#breadcrumb","itemListElement":[{"@type":"ListItem","position":1,"name":"Accueil","item":"https:\/\/fonsalade.com\/"},{"@type":"ListItem","position":2,"name":"Contact"}]},{"@type":"WebSite","@id":"https:\/\/fonsalade.com\/#website","url":"https:\/\/fonsalade.com\/","name":"Fonsalade","description":"Grand Vin du Languedoc","publisher":{"@id":"https:\/\/fonsalade.com\/#organization"},"potentialAction":[{"@type":"SearchAction","target":{"@type":"EntryPoint","urlTemplate":"https:\/\/fonsalade.com\/?s={search_term_string}"},"query-input":{"@type":"PropertyValueSpecification","valueRequired":true,"valueName":"search_term_string"}}],"inLanguage":"en-GB"},{"@type":"Organization","@id":"https:\/\/fonsalade.com\/#organization","name":"Ch\u00e2teau Fonsalade","url":"https:\/\/fonsalade.com\/","logo":{"@type":"ImageObject","inLanguage":"en-GB","@id":"https:\/\/fonsalade.com\/#\/schema\/logo\/image\/","url":"https:\/\/fonsalade.com\/wp-content\/uploads\/2022\/02\/cropped-logo-Fonsalade.png","contentUrl":"https:\/\/fonsalade.com\/wp-content\/uploads\/2022\/02\/cropped-logo-Fonsalade.png","width":300,"height":200,"caption":"Ch\u00e2teau Fonsalade"},"image":{"@id":"https:\/\/fonsalade.com\/#\/schema\/logo\/image\/"},"sameAs":["https:\/\/www.facebook.com\/Fonsalade","https:\/\/x.com\/Fonsalade","https:\/\/www.instagram.com\/chateau_fonsalade\/","https:\/\/www.linkedin.com\/company\/chateau-fonsalade\/"]}]}},"_links":{"self":[{"href":"https:\/\/fonsalade.com\/en\/wp-json\/wp\/v2\/pages\/4638","targetHints":{"allow":["GET"]}}],"collection":[{"href":"https:\/\/fonsalade.com\/en\/wp-json\/wp\/v2\/pages"}],"about":[{"href":"https:\/\/fonsalade.com\/en\/wp-json\/wp\/v2\/types\/page"}],"author":[{"embeddable":true,"href":"https:\/\/fonsalade.com\/en\/wp-json\/wp\/v2\/users\/1"}],"replies":[{"embeddable":true,"href":"https:\/\/fonsalade.com\/en\/wp-json\/wp\/v2\/comments?post=4638"}],"version-history":[{"count":114,"href":"https:\/\/fonsalade.com\/en\/wp-json\/wp\/v2\/pages\/4638\/revisions"}],"predecessor-version":[{"id":8659,"href":"https:\/\/fonsalade.com\/en\/wp-json\/wp\/v2\/pages\/4638\/revisions\/8659"}],"wp:attachment":[{"href":"https:\/\/fonsalade.com\/en\/wp-json\/wp\/v2\/media?parent=4638"}],"curies":[{"name":"wp","href":"https:\/\/api.w.org\/{rel}","templated":true}]}}