{"id":7505,"date":"2022-02-03T18:05:41","date_gmt":"2022-02-03T17:05:41","guid":{"rendered":"https:\/\/dev.fonsalade.com\/?page_id=7505"},"modified":"2025-01-06T10:58:04","modified_gmt":"2025-01-06T09:58:04","slug":"notre-galerie","status":"publish","type":"page","link":"https:\/\/fonsalade.com\/en\/our-gallery\/","title":{"rendered":"Pictures"},"content":{"rendered":"<div data-elementor-type=\"wp-page\" data-elementor-id=\"7505\" class=\"elementor elementor-7505\">\n\t\t\t\t\t\t<section class=\"elementor-section elementor-top-section elementor-element elementor-element-60bdf433 elementor-section-height-min-height elementor-section-content-middle elementor-section-full_width elementor-section-stretched elementor-hidden-mobile elementor-section-height-default elementor-section-items-middle\" data-id=\"60bdf433\" data-element_type=\"section\" data-settings=\"{&quot;background_background&quot;:&quot;classic&quot;,&quot;stretch_section&quot;:&quot;section-stretched&quot;}\">\n\t\t\t\t\t\t\t<div class=\"elementor-background-overlay\"><\/div>\n\t\t\t\t\t\t\t<div class=\"elementor-container elementor-column-gap-default\">\n\t\t\t\t\t<div class=\"elementor-column elementor-col-100 elementor-top-column elementor-element elementor-element-60771c3a\" data-id=\"60771c3a\" data-element_type=\"column\">\n\t\t\t<div class=\"elementor-widget-wrap elementor-element-populated\">\n\t\t\t\t\t\t<div class=\"elementor-element elementor-element-7dcfe5e2 elementor-widget elementor-widget-heading\" data-id=\"7dcfe5e2\" data-element_type=\"widget\" data-widget_type=\"heading.default\">\n\t\t\t\t<div class=\"elementor-widget-container\">\n\t\t\t\t\t<h5 class=\"elementor-heading-title elementor-size-default\">Our Gallery<\/h5>\t\t\t\t<\/div>\n\t\t\t\t<\/div>\n\t\t\t\t<div class=\"elementor-element elementor-element-58dd24a2 elementor-widget elementor-widget-heading\" data-id=\"58dd24a2\" data-element_type=\"widget\" data-widget_type=\"heading.default\">\n\t\t\t\t<div class=\"elementor-widget-container\">\n\t\t\t\t\t<h2 class=\"elementor-heading-title elementor-size-default\">A journey in the heart of Fonsalade <\/h2>\t\t\t\t<\/div>\n\t\t\t\t<\/div>\n\t\t\t\t\t<\/div>\n\t\t<\/div>\n\t\t\t\t\t<\/div>\n\t\t<\/section>\n\t\t\t\t<section class=\"elementor-section elementor-top-section elementor-element elementor-element-72bff23 elementor-section-height-min-height elementor-section-content-middle elementor-section-full_width elementor-section-stretched elementor-hidden-desktop elementor-hidden-tablet elementor-section-height-default elementor-section-items-middle\" data-id=\"72bff23\" data-element_type=\"section\" data-settings=\"{&quot;background_background&quot;:&quot;classic&quot;,&quot;stretch_section&quot;:&quot;section-stretched&quot;}\">\n\t\t\t\t\t\t\t<div class=\"elementor-background-overlay\"><\/div>\n\t\t\t\t\t\t\t<div class=\"elementor-container elementor-column-gap-default\">\n\t\t\t\t\t<div class=\"elementor-column elementor-col-100 elementor-top-column elementor-element elementor-element-356c05b\" data-id=\"356c05b\" data-element_type=\"column\">\n\t\t\t<div class=\"elementor-widget-wrap elementor-element-populated\">\n\t\t\t\t\t\t<div class=\"elementor-element elementor-element-00198e8 elementor-widget elementor-widget-heading\" data-id=\"00198e8\" data-element_type=\"widget\" data-widget_type=\"heading.default\">\n\t\t\t\t<div class=\"elementor-widget-container\">\n\t\t\t\t\t<h5 class=\"elementor-heading-title elementor-size-default\">Our Gallery<\/h5>\t\t\t\t<\/div>\n\t\t\t\t<\/div>\n\t\t\t\t<div class=\"elementor-element elementor-element-23e3fe2 elementor-widget elementor-widget-heading\" data-id=\"23e3fe2\" data-element_type=\"widget\" data-widget_type=\"heading.default\">\n\t\t\t\t<div class=\"elementor-widget-container\">\n\t\t\t\t\t<h2 class=\"elementor-heading-title elementor-size-default\">A journey in the heart of Fonsalade <\/h2>\t\t\t\t<\/div>\n\t\t\t\t<\/div>\n\t\t\t\t\t<\/div>\n\t\t<\/div>\n\t\t\t\t\t<\/div>\n\t\t<\/section>\n\t\t\t\t<section class=\"elementor-section elementor-top-section elementor-element elementor-element-d7d3906 elementor-section-full_width elementor-section-stretched elementor-section-height-default elementor-section-height-default\" data-id=\"d7d3906\" data-element_type=\"section\" data-settings=\"{&quot;stretch_section&quot;:&quot;section-stretched&quot;}\">\n\t\t\t\t\t\t<div class=\"elementor-container elementor-column-gap-default\">\n\t\t\t\t\t<div class=\"elementor-column elementor-col-100 elementor-top-column elementor-element elementor-element-b2bfeea\" data-id=\"b2bfeea\" data-element_type=\"column\">\n\t\t\t<div class=\"elementor-widget-wrap\">\n\t\t\t\t\t\t\t<\/div>\n\t\t<\/div>\n\t\t\t\t\t<\/div>\n\t\t<\/section>\n\t\t\t\t<div class=\"elementor-section elementor-top-section elementor-element elementor-element-3b8206c elementor-section-stretched elementor-section-boxed elementor-section-height-default elementor-section-height-default\" data-id=\"3b8206c\" data-element_type=\"section\" data-settings=\"{&quot;stretch_section&quot;:&quot;section-stretched&quot;,&quot;background_background&quot;:&quot;classic&quot;}\">\n\t\t\t\t\t\t\t<div class=\"elementor-background-overlay\"><\/div>\n\t\t\t\t\t\t\t<div class=\"elementor-container elementor-column-gap-no\">\n\t\t\t\t\t<div class=\"elementor-column elementor-col-100 elementor-top-column elementor-element elementor-element-8878c12\" data-id=\"8878c12\" data-element_type=\"column\" data-settings=\"{&quot;background_background&quot;:&quot;classic&quot;}\">\n\t\t\t<div class=\"elementor-widget-wrap elementor-element-populated\">\n\t\t\t\t\t\t<div class=\"elementor-element elementor-element-c938b0f elementor-widget elementor-widget-heading\" data-id=\"c938b0f\" data-element_type=\"widget\" data-widget_type=\"heading.default\">\n\t\t\t\t<div class=\"elementor-widget-container\">\n\t\t\t\t\t<h2 class=\"elementor-heading-title elementor-size-default\">Newsletter<\/h2>\t\t\t\t<\/div>\n\t\t\t\t<\/div>\n\t\t\t\t<div class=\"elementor-element elementor-element-69b3c66 elementor-widget elementor-widget-heading\" data-id=\"69b3c66\" data-element_type=\"widget\" data-widget_type=\"heading.default\">\n\t\t\t\t<div class=\"elementor-widget-container\">\n\t\t\t\t\t<h2 class=\"elementor-heading-title elementor-size-default\">Subscribe<\/h2>\t\t\t\t<\/div>\n\t\t\t\t<\/div>\n\t\t\t\t\t<\/div>\n\t\t<\/div>\n\t\t\t\t\t<\/div>\n\t\t<\/div>\n\t\t\t\t<\/div>","protected":false},"excerpt":{"rendered":"<p>notre galerie Voyage au coeur de Fonsalade notre galerie Voyage au coeur de Fonsalade All 18 Notre domaine 6 Notre \u00e9quipe 6 Nos vins 6 Newsletter Abonnez-vous S&rsquo;abonner<\/p>","protected":false},"author":1,"featured_media":0,"parent":0,"menu_order":0,"comment_status":"closed","ping_status":"closed","template":"elementor_header_footer","meta":{"inline_featured_image":false,"footnotes":""},"class_list":["post-7505","page","type-page","status-publish","hentry"],"yoast_head":"<!-- This site is optimized with the Yoast SEO plugin v24.5 - https:\/\/yoast.com\/wordpress\/plugins\/seo\/ -->\n<title>Fonsalade | Notre galerie<\/title>\n<meta name=\"description\" content=\"D\u00e9couvrez notre galerie de photos du domaine, de nos vignes et de notre \u00e9quipe. Ch\u00e2teau Fonsalade, domaine viticole. Saint-Chinian, Languedoc.\" \/>\n<meta name=\"robots\" content=\"index, follow, max-snippet:-1, max-image-preview:large, max-video-preview:-1\" \/>\n<link rel=\"canonical\" href=\"https:\/\/fonsalade.com\/en\/our-gallery\/\" \/>\n<meta property=\"og:locale\" content=\"en_GB\" \/>\n<meta property=\"og:type\" content=\"article\" \/>\n<meta property=\"og:title\" content=\"Fonsalade | Notre galerie\" \/>\n<meta property=\"og:description\" content=\"D\u00e9couvrez notre galerie de photos du domaine, de nos vignes et de notre \u00e9quipe. Ch\u00e2teau Fonsalade, domaine viticole. Saint-Chinian, Languedoc.\" \/>\n<meta property=\"og:url\" content=\"https:\/\/fonsalade.com\/en\/our-gallery\/\" \/>\n<meta property=\"og:site_name\" content=\"Fonsalade\" \/>\n<meta property=\"article:publisher\" content=\"https:\/\/www.facebook.com\/Fonsalade\" \/>\n<meta property=\"article:modified_time\" content=\"2025-01-06T09:58:04+00:00\" \/>\n<meta property=\"og:image\" content=\"https:\/\/fonsalade.com\/wp-content\/uploads\/2022\/02\/fonsalade-galerie-1024x544.jpg\" \/>\n<meta name=\"twitter:card\" content=\"summary_large_image\" \/>\n<meta name=\"twitter:site\" content=\"@Fonsalade\" \/>\n<meta name=\"twitter:label1\" content=\"Estimated reading time\" \/>\n\t<meta name=\"twitter:data1\" content=\"4 minutes\" \/>\n<script type=\"application\/ld+json\" class=\"yoast-schema-graph\">{\"@context\":\"https:\/\/schema.org\",\"@graph\":[{\"@type\":\"WebPage\",\"@id\":\"https:\/\/fonsalade.com\/notre-galerie\/\",\"url\":\"https:\/\/fonsalade.com\/notre-galerie\/\",\"name\":\"Fonsalade | Notre galerie\",\"isPartOf\":{\"@id\":\"https:\/\/fonsalade.com\/#website\"},\"primaryImageOfPage\":{\"@id\":\"https:\/\/fonsalade.com\/notre-galerie\/#primaryimage\"},\"image\":{\"@id\":\"https:\/\/fonsalade.com\/notre-galerie\/#primaryimage\"},\"thumbnailUrl\":\"https:\/\/fonsalade.com\/wp-content\/uploads\/2022\/02\/fonsalade-galerie-1024x544.jpg\",\"datePublished\":\"2022-02-03T17:05:41+00:00\",\"dateModified\":\"2025-01-06T09:58:04+00:00\",\"description\":\"D\u00e9couvrez notre galerie de photos du domaine, de nos vignes et de notre \u00e9quipe. Ch\u00e2teau Fonsalade, domaine viticole. Saint-Chinian, Languedoc.\",\"breadcrumb\":{\"@id\":\"https:\/\/fonsalade.com\/notre-galerie\/#breadcrumb\"},\"inLanguage\":\"en-GB\",\"potentialAction\":[{\"@type\":\"ReadAction\",\"target\":[\"https:\/\/fonsalade.com\/notre-galerie\/\"]}]},{\"@type\":\"ImageObject\",\"inLanguage\":\"en-GB\",\"@id\":\"https:\/\/fonsalade.com\/notre-galerie\/#primaryimage\",\"url\":\"https:\/\/fonsalade.com\/wp-content\/uploads\/2022\/02\/fonsalade-galerie-1024x544.jpg\",\"contentUrl\":\"https:\/\/fonsalade.com\/wp-content\/uploads\/2022\/02\/fonsalade-galerie-1024x544.jpg\"},{\"@type\":\"BreadcrumbList\",\"@id\":\"https:\/\/fonsalade.com\/notre-galerie\/#breadcrumb\",\"itemListElement\":[{\"@type\":\"ListItem\",\"position\":1,\"name\":\"Accueil\",\"item\":\"https:\/\/fonsalade.com\/\"},{\"@type\":\"ListItem\",\"position\":2,\"name\":\"Notre galerie\"}]},{\"@type\":\"WebSite\",\"@id\":\"https:\/\/fonsalade.com\/#website\",\"url\":\"https:\/\/fonsalade.com\/\",\"name\":\"Fonsalade\",\"description\":\"Grand Vin du Languedoc\",\"publisher\":{\"@id\":\"https:\/\/fonsalade.com\/#organization\"},\"potentialAction\":[{\"@type\":\"SearchAction\",\"target\":{\"@type\":\"EntryPoint\",\"urlTemplate\":\"https:\/\/fonsalade.com\/?s={search_term_string}\"},\"query-input\":{\"@type\":\"PropertyValueSpecification\",\"valueRequired\":true,\"valueName\":\"search_term_string\"}}],\"inLanguage\":\"en-GB\"},{\"@type\":\"Organization\",\"@id\":\"https:\/\/fonsalade.com\/#organization\",\"name\":\"Ch\u00e2teau Fonsalade\",\"url\":\"https:\/\/fonsalade.com\/\",\"logo\":{\"@type\":\"ImageObject\",\"inLanguage\":\"en-GB\",\"@id\":\"https:\/\/fonsalade.com\/#\/schema\/logo\/image\/\",\"url\":\"https:\/\/fonsalade.com\/wp-content\/uploads\/2022\/02\/cropped-logo-Fonsalade.png\",\"contentUrl\":\"https:\/\/fonsalade.com\/wp-content\/uploads\/2022\/02\/cropped-logo-Fonsalade.png\",\"width\":300,\"height\":200,\"caption\":\"Ch\u00e2teau Fonsalade\"},\"image\":{\"@id\":\"https:\/\/fonsalade.com\/#\/schema\/logo\/image\/\"},\"sameAs\":[\"https:\/\/www.facebook.com\/Fonsalade\",\"https:\/\/x.com\/Fonsalade\",\"https:\/\/www.instagram.com\/chateau_fonsalade\/\",\"https:\/\/www.linkedin.com\/company\/chateau-fonsalade\/\"]}]}<\/script>\n<!-- \/ Yoast SEO plugin. -->","yoast_head_json":{"title":"Fonsalade | Notre galerie","description":"D\u00e9couvrez notre galerie de photos du domaine, de nos vignes et de notre \u00e9quipe. Ch\u00e2teau Fonsalade, domaine viticole. Saint-Chinian, Languedoc.","robots":{"index":"index","follow":"follow","max-snippet":"max-snippet:-1","max-image-preview":"max-image-preview:large","max-video-preview":"max-video-preview:-1"},"canonical":"https:\/\/fonsalade.com\/en\/our-gallery\/","og_locale":"en_GB","og_type":"article","og_title":"Fonsalade | Notre galerie","og_description":"D\u00e9couvrez notre galerie de photos du domaine, de nos vignes et de notre \u00e9quipe. Ch\u00e2teau Fonsalade, domaine viticole. Saint-Chinian, Languedoc.","og_url":"https:\/\/fonsalade.com\/en\/our-gallery\/","og_site_name":"Fonsalade","article_publisher":"https:\/\/www.facebook.com\/Fonsalade","article_modified_time":"2025-01-06T09:58:04+00:00","og_image":[{"url":"https:\/\/fonsalade.com\/wp-content\/uploads\/2022\/02\/fonsalade-galerie-1024x544.jpg","type":"","width":"","height":""}],"twitter_card":"summary_large_image","twitter_site":"@Fonsalade","twitter_misc":{"Estimated reading time":"4 minutes"},"schema":{"@context":"https:\/\/schema.org","@graph":[{"@type":"WebPage","@id":"https:\/\/fonsalade.com\/notre-galerie\/","url":"https:\/\/fonsalade.com\/notre-galerie\/","name":"Fonsalade | Notre galerie","isPartOf":{"@id":"https:\/\/fonsalade.com\/#website"},"primaryImageOfPage":{"@id":"https:\/\/fonsalade.com\/notre-galerie\/#primaryimage"},"image":{"@id":"https:\/\/fonsalade.com\/notre-galerie\/#primaryimage"},"thumbnailUrl":"https:\/\/fonsalade.com\/wp-content\/uploads\/2022\/02\/fonsalade-galerie-1024x544.jpg","datePublished":"2022-02-03T17:05:41+00:00","dateModified":"2025-01-06T09:58:04+00:00","description":"D\u00e9couvrez notre galerie de photos du domaine, de nos vignes et de notre \u00e9quipe. Ch\u00e2teau Fonsalade, domaine viticole. Saint-Chinian, Languedoc.","breadcrumb":{"@id":"https:\/\/fonsalade.com\/notre-galerie\/#breadcrumb"},"inLanguage":"en-GB","potentialAction":[{"@type":"ReadAction","target":["https:\/\/fonsalade.com\/notre-galerie\/"]}]},{"@type":"ImageObject","inLanguage":"en-GB","@id":"https:\/\/fonsalade.com\/notre-galerie\/#primaryimage","url":"https:\/\/fonsalade.com\/wp-content\/uploads\/2022\/02\/fonsalade-galerie-1024x544.jpg","contentUrl":"https:\/\/fonsalade.com\/wp-content\/uploads\/2022\/02\/fonsalade-galerie-1024x544.jpg"},{"@type":"BreadcrumbList","@id":"https:\/\/fonsalade.com\/notre-galerie\/#breadcrumb","itemListElement":[{"@type":"ListItem","position":1,"name":"Accueil","item":"https:\/\/fonsalade.com\/"},{"@type":"ListItem","position":2,"name":"Notre galerie"}]},{"@type":"WebSite","@id":"https:\/\/fonsalade.com\/#website","url":"https:\/\/fonsalade.com\/","name":"Fonsalade","description":"Grand Vin du Languedoc","publisher":{"@id":"https:\/\/fonsalade.com\/#organization"},"potentialAction":[{"@type":"SearchAction","target":{"@type":"EntryPoint","urlTemplate":"https:\/\/fonsalade.com\/?s={search_term_string}"},"query-input":{"@type":"PropertyValueSpecification","valueRequired":true,"valueName":"search_term_string"}}],"inLanguage":"en-GB"},{"@type":"Organization","@id":"https:\/\/fonsalade.com\/#organization","name":"Ch\u00e2teau Fonsalade","url":"https:\/\/fonsalade.com\/","logo":{"@type":"ImageObject","inLanguage":"en-GB","@id":"https:\/\/fonsalade.com\/#\/schema\/logo\/image\/","url":"https:\/\/fonsalade.com\/wp-content\/uploads\/2022\/02\/cropped-logo-Fonsalade.png","contentUrl":"https:\/\/fonsalade.com\/wp-content\/uploads\/2022\/02\/cropped-logo-Fonsalade.png","width":300,"height":200,"caption":"Ch\u00e2teau Fonsalade"},"image":{"@id":"https:\/\/fonsalade.com\/#\/schema\/logo\/image\/"},"sameAs":["https:\/\/www.facebook.com\/Fonsalade","https:\/\/x.com\/Fonsalade","https:\/\/www.instagram.com\/chateau_fonsalade\/","https:\/\/www.linkedin.com\/company\/chateau-fonsalade\/"]}]}},"_links":{"self":[{"href":"https:\/\/fonsalade.com\/en\/wp-json\/wp\/v2\/pages\/7505","targetHints":{"allow":["GET"]}}],"collection":[{"href":"https:\/\/fonsalade.com\/en\/wp-json\/wp\/v2\/pages"}],"about":[{"href":"https:\/\/fonsalade.com\/en\/wp-json\/wp\/v2\/types\/page"}],"author":[{"embeddable":true,"href":"https:\/\/fonsalade.com\/en\/wp-json\/wp\/v2\/users\/1"}],"replies":[{"embeddable":true,"href":"https:\/\/fonsalade.com\/en\/wp-json\/wp\/v2\/comments?post=7505"}],"version-history":[{"count":41,"href":"https:\/\/fonsalade.com\/en\/wp-json\/wp\/v2\/pages\/7505\/revisions"}],"predecessor-version":[{"id":8466,"href":"https:\/\/fonsalade.com\/en\/wp-json\/wp\/v2\/pages\/7505\/revisions\/8466"}],"wp:attachment":[{"href":"https:\/\/fonsalade.com\/en\/wp-json\/wp\/v2\/media?parent=7505"}],"curies":[{"name":"wp","href":"https:\/\/api.w.org\/{rel}","templated":true}]}}