{"id":57,"date":"2021-07-10T06:20:57","date_gmt":"2021-07-10T04:20:57","guid":{"rendered":"https:\/\/demo2wpopal.b-cdn.net\/bodoni\/product\/gorgeous-granite-shoes\/"},"modified":"2022-08-03T09:14:11","modified_gmt":"2022-08-03T07:14:11","slug":"petit-bonheur-rose","status":"publish","type":"product","link":"https:\/\/fonsalade.com\/en\/product-2\/petit-bonheur-rose\/","title":{"rendered":"Petit Bonheur Ros\u00e9"},"content":{"rendered":"<p>Fonsalade\u2019s wine for pals! This ros\u00e9 wine is packed full of relaxed enjoyment, the kind to share with friends and create some memorable happy moments. Fresh, fruity and light, the wine shows beautiful minerality and is the perfect companion for those long, balmy summer evenings.<\/p>","protected":false},"excerpt":{"rendered":"<p>Fonsalade\u2019s wine for pals! This ros\u00e9 wine is packed full of relaxed enjoyment, the kind to share with friends and create some memorable happy moments. Fresh, fruity and light, the wine shows beautiful minerality and is the perfect companion for those long, balmy summer evenings.<\/p>","protected":false},"featured_media":6575,"comment_status":"open","ping_status":"closed","template":"","meta":{"inline_featured_image":false},"product_cat":[60,59,56],"product_tag":[],"class_list":{"0":"post-57","1":"product","2":"type-product","3":"status-publish","4":"has-post-thumbnail","6":"product_cat-75cl","7":"product_cat-pays-d-oc","8":"product_cat-rose","10":"first","11":"outofstock","12":"virtual","13":"taxable","14":"purchasable","15":"product-type-simple"},"yoast_head":"<!-- This site is optimized with the Yoast SEO plugin v24.5 - https:\/\/yoast.com\/wordpress\/plugins\/seo\/ -->\n<title>Fonsalade | Petit Bonheur Ros\u00e9<\/title>\n<meta name=\"description\" content=\"Vin frais et l\u00e9ger, il conviendra parfaitement pour vos longues soir\u00e9es d\u2019\u00e9t\u00e9 autour de plats m\u00e9diterran\u00e9ens ou de grillades.\" \/>\n<meta name=\"robots\" content=\"index, follow, max-snippet:-1, max-image-preview:large, max-video-preview:-1\" \/>\n<link rel=\"canonical\" href=\"https:\/\/fonsalade.com\/en\/product-2\/petit-bonheur-rose\/\" \/>\n<meta property=\"og:locale\" content=\"en_GB\" \/>\n<meta property=\"og:type\" content=\"article\" \/>\n<meta property=\"og:title\" content=\"Fonsalade | Petit Bonheur Ros\u00e9\" \/>\n<meta property=\"og:description\" content=\"Vin frais et l\u00e9ger, il conviendra parfaitement pour vos longues soir\u00e9es d\u2019\u00e9t\u00e9 autour de plats m\u00e9diterran\u00e9ens ou de grillades.\" \/>\n<meta property=\"og:url\" content=\"https:\/\/fonsalade.com\/en\/product-2\/petit-bonheur-rose\/\" \/>\n<meta property=\"og:site_name\" content=\"Fonsalade\" \/>\n<meta property=\"article:publisher\" content=\"https:\/\/www.facebook.com\/Fonsalade\" \/>\n<meta property=\"article:modified_time\" content=\"2022-08-03T07:14:11+00:00\" \/>\n<meta property=\"og:image\" content=\"https:\/\/fonsalade.com\/wp-content\/uploads\/2021\/07\/Chateau-Fonsalade-Petit-Bonheur-Rose.png\" \/>\n\t<meta property=\"og:image:width\" content=\"1000\" \/>\n\t<meta property=\"og:image:height\" content=\"1000\" \/>\n\t<meta property=\"og:image:type\" content=\"image\/png\" \/>\n<meta name=\"twitter:card\" content=\"summary_large_image\" \/>\n<meta name=\"twitter:site\" content=\"@Fonsalade\" \/>\n<meta name=\"twitter:label1\" content=\"Estimated reading time\" \/>\n\t<meta name=\"twitter:data1\" content=\"1 minute\" \/>\n<script type=\"application\/ld+json\" class=\"yoast-schema-graph\">{\"@context\":\"https:\/\/schema.org\",\"@graph\":[{\"@type\":\"WebPage\",\"@id\":\"https:\/\/fonsalade.com\/produit\/petit-bonheur-rose\/\",\"url\":\"https:\/\/fonsalade.com\/produit\/petit-bonheur-rose\/\",\"name\":\"Fonsalade | Petit Bonheur Ros\u00e9\",\"isPartOf\":{\"@id\":\"https:\/\/fonsalade.com\/#website\"},\"primaryImageOfPage\":{\"@id\":\"https:\/\/fonsalade.com\/produit\/petit-bonheur-rose\/#primaryimage\"},\"image\":{\"@id\":\"https:\/\/fonsalade.com\/produit\/petit-bonheur-rose\/#primaryimage\"},\"thumbnailUrl\":\"https:\/\/fonsalade.com\/wp-content\/uploads\/2021\/07\/Chateau-Fonsalade-Petit-Bonheur-Rose.png\",\"datePublished\":\"2021-07-10T04:20:57+00:00\",\"dateModified\":\"2022-08-03T07:14:11+00:00\",\"description\":\"Vin frais et l\u00e9ger, il conviendra parfaitement pour vos longues soir\u00e9es d\u2019\u00e9t\u00e9 autour de plats m\u00e9diterran\u00e9ens ou de grillades.\",\"breadcrumb\":{\"@id\":\"https:\/\/fonsalade.com\/produit\/petit-bonheur-rose\/#breadcrumb\"},\"inLanguage\":\"en-GB\",\"potentialAction\":[{\"@type\":\"ReadAction\",\"target\":[\"https:\/\/fonsalade.com\/produit\/petit-bonheur-rose\/\"]}]},{\"@type\":\"ImageObject\",\"inLanguage\":\"en-GB\",\"@id\":\"https:\/\/fonsalade.com\/produit\/petit-bonheur-rose\/#primaryimage\",\"url\":\"https:\/\/fonsalade.com\/wp-content\/uploads\/2021\/07\/Chateau-Fonsalade-Petit-Bonheur-Rose.png\",\"contentUrl\":\"https:\/\/fonsalade.com\/wp-content\/uploads\/2021\/07\/Chateau-Fonsalade-Petit-Bonheur-Rose.png\",\"width\":1000,\"height\":1000,\"caption\":\"Petit Bonheur ros\u00e9\"},{\"@type\":\"BreadcrumbList\",\"@id\":\"https:\/\/fonsalade.com\/produit\/petit-bonheur-rose\/#breadcrumb\",\"itemListElement\":[{\"@type\":\"ListItem\",\"position\":1,\"name\":\"Accueil\",\"item\":\"https:\/\/fonsalade.com\/\"},{\"@type\":\"ListItem\",\"position\":2,\"name\":\"Boutique\",\"item\":\"https:\/\/fonsalade.com\/?page_id=11\"},{\"@type\":\"ListItem\",\"position\":3,\"name\":\"Petit Bonheur Ros\u00e9\"}]},{\"@type\":\"WebSite\",\"@id\":\"https:\/\/fonsalade.com\/#website\",\"url\":\"https:\/\/fonsalade.com\/\",\"name\":\"Fonsalade\",\"description\":\"Grand Vin du Languedoc\",\"publisher\":{\"@id\":\"https:\/\/fonsalade.com\/#organization\"},\"potentialAction\":[{\"@type\":\"SearchAction\",\"target\":{\"@type\":\"EntryPoint\",\"urlTemplate\":\"https:\/\/fonsalade.com\/?s={search_term_string}\"},\"query-input\":{\"@type\":\"PropertyValueSpecification\",\"valueRequired\":true,\"valueName\":\"search_term_string\"}}],\"inLanguage\":\"en-GB\"},{\"@type\":\"Organization\",\"@id\":\"https:\/\/fonsalade.com\/#organization\",\"name\":\"Ch\u00e2teau Fonsalade\",\"url\":\"https:\/\/fonsalade.com\/\",\"logo\":{\"@type\":\"ImageObject\",\"inLanguage\":\"en-GB\",\"@id\":\"https:\/\/fonsalade.com\/#\/schema\/logo\/image\/\",\"url\":\"https:\/\/fonsalade.com\/wp-content\/uploads\/2022\/02\/cropped-logo-Fonsalade.png\",\"contentUrl\":\"https:\/\/fonsalade.com\/wp-content\/uploads\/2022\/02\/cropped-logo-Fonsalade.png\",\"width\":300,\"height\":200,\"caption\":\"Ch\u00e2teau Fonsalade\"},\"image\":{\"@id\":\"https:\/\/fonsalade.com\/#\/schema\/logo\/image\/\"},\"sameAs\":[\"https:\/\/www.facebook.com\/Fonsalade\",\"https:\/\/x.com\/Fonsalade\",\"https:\/\/www.instagram.com\/chateau_fonsalade\/\",\"https:\/\/www.linkedin.com\/company\/chateau-fonsalade\/\"]}]}<\/script>\n<!-- \/ Yoast SEO plugin. -->","yoast_head_json":{"title":"Fonsalade | Petit Bonheur Ros\u00e9","description":"Vin frais et l\u00e9ger, il conviendra parfaitement pour vos longues soir\u00e9es d\u2019\u00e9t\u00e9 autour de plats m\u00e9diterran\u00e9ens ou de grillades.","robots":{"index":"index","follow":"follow","max-snippet":"max-snippet:-1","max-image-preview":"max-image-preview:large","max-video-preview":"max-video-preview:-1"},"canonical":"https:\/\/fonsalade.com\/en\/product-2\/petit-bonheur-rose\/","og_locale":"en_GB","og_type":"article","og_title":"Fonsalade | Petit Bonheur Ros\u00e9","og_description":"Vin frais et l\u00e9ger, il conviendra parfaitement pour vos longues soir\u00e9es d\u2019\u00e9t\u00e9 autour de plats m\u00e9diterran\u00e9ens ou de grillades.","og_url":"https:\/\/fonsalade.com\/en\/product-2\/petit-bonheur-rose\/","og_site_name":"Fonsalade","article_publisher":"https:\/\/www.facebook.com\/Fonsalade","article_modified_time":"2022-08-03T07:14:11+00:00","og_image":[{"width":1000,"height":1000,"url":"https:\/\/fonsalade.com\/wp-content\/uploads\/2021\/07\/Chateau-Fonsalade-Petit-Bonheur-Rose.png","type":"image\/png"}],"twitter_card":"summary_large_image","twitter_site":"@Fonsalade","twitter_misc":{"Estimated reading time":"1 minute"},"schema":{"@context":"https:\/\/schema.org","@graph":[{"@type":"WebPage","@id":"https:\/\/fonsalade.com\/produit\/petit-bonheur-rose\/","url":"https:\/\/fonsalade.com\/produit\/petit-bonheur-rose\/","name":"Fonsalade | Petit Bonheur Ros\u00e9","isPartOf":{"@id":"https:\/\/fonsalade.com\/#website"},"primaryImageOfPage":{"@id":"https:\/\/fonsalade.com\/produit\/petit-bonheur-rose\/#primaryimage"},"image":{"@id":"https:\/\/fonsalade.com\/produit\/petit-bonheur-rose\/#primaryimage"},"thumbnailUrl":"https:\/\/fonsalade.com\/wp-content\/uploads\/2021\/07\/Chateau-Fonsalade-Petit-Bonheur-Rose.png","datePublished":"2021-07-10T04:20:57+00:00","dateModified":"2022-08-03T07:14:11+00:00","description":"Vin frais et l\u00e9ger, il conviendra parfaitement pour vos longues soir\u00e9es d\u2019\u00e9t\u00e9 autour de plats m\u00e9diterran\u00e9ens ou de grillades.","breadcrumb":{"@id":"https:\/\/fonsalade.com\/produit\/petit-bonheur-rose\/#breadcrumb"},"inLanguage":"en-GB","potentialAction":[{"@type":"ReadAction","target":["https:\/\/fonsalade.com\/produit\/petit-bonheur-rose\/"]}]},{"@type":"ImageObject","inLanguage":"en-GB","@id":"https:\/\/fonsalade.com\/produit\/petit-bonheur-rose\/#primaryimage","url":"https:\/\/fonsalade.com\/wp-content\/uploads\/2021\/07\/Chateau-Fonsalade-Petit-Bonheur-Rose.png","contentUrl":"https:\/\/fonsalade.com\/wp-content\/uploads\/2021\/07\/Chateau-Fonsalade-Petit-Bonheur-Rose.png","width":1000,"height":1000,"caption":"Petit Bonheur ros\u00e9"},{"@type":"BreadcrumbList","@id":"https:\/\/fonsalade.com\/produit\/petit-bonheur-rose\/#breadcrumb","itemListElement":[{"@type":"ListItem","position":1,"name":"Accueil","item":"https:\/\/fonsalade.com\/"},{"@type":"ListItem","position":2,"name":"Boutique","item":"https:\/\/fonsalade.com\/?page_id=11"},{"@type":"ListItem","position":3,"name":"Petit Bonheur Ros\u00e9"}]},{"@type":"WebSite","@id":"https:\/\/fonsalade.com\/#website","url":"https:\/\/fonsalade.com\/","name":"Fonsalade","description":"Grand Vin du Languedoc","publisher":{"@id":"https:\/\/fonsalade.com\/#organization"},"potentialAction":[{"@type":"SearchAction","target":{"@type":"EntryPoint","urlTemplate":"https:\/\/fonsalade.com\/?s={search_term_string}"},"query-input":{"@type":"PropertyValueSpecification","valueRequired":true,"valueName":"search_term_string"}}],"inLanguage":"en-GB"},{"@type":"Organization","@id":"https:\/\/fonsalade.com\/#organization","name":"Ch\u00e2teau Fonsalade","url":"https:\/\/fonsalade.com\/","logo":{"@type":"ImageObject","inLanguage":"en-GB","@id":"https:\/\/fonsalade.com\/#\/schema\/logo\/image\/","url":"https:\/\/fonsalade.com\/wp-content\/uploads\/2022\/02\/cropped-logo-Fonsalade.png","contentUrl":"https:\/\/fonsalade.com\/wp-content\/uploads\/2022\/02\/cropped-logo-Fonsalade.png","width":300,"height":200,"caption":"Ch\u00e2teau Fonsalade"},"image":{"@id":"https:\/\/fonsalade.com\/#\/schema\/logo\/image\/"},"sameAs":["https:\/\/www.facebook.com\/Fonsalade","https:\/\/x.com\/Fonsalade","https:\/\/www.instagram.com\/chateau_fonsalade\/","https:\/\/www.linkedin.com\/company\/chateau-fonsalade\/"]}]}},"_links":{"self":[{"href":"https:\/\/fonsalade.com\/en\/wp-json\/wp\/v2\/product\/57","targetHints":{"allow":["GET"]}}],"collection":[{"href":"https:\/\/fonsalade.com\/en\/wp-json\/wp\/v2\/product"}],"about":[{"href":"https:\/\/fonsalade.com\/en\/wp-json\/wp\/v2\/types\/product"}],"replies":[{"embeddable":true,"href":"https:\/\/fonsalade.com\/en\/wp-json\/wp\/v2\/comments?post=57"}],"version-history":[{"count":2,"href":"https:\/\/fonsalade.com\/en\/wp-json\/wp\/v2\/product\/57\/revisions"}],"predecessor-version":[{"id":6576,"href":"https:\/\/fonsalade.com\/en\/wp-json\/wp\/v2\/product\/57\/revisions\/6576"}],"wp:featuredmedia":[{"embeddable":true,"href":"https:\/\/fonsalade.com\/en\/wp-json\/wp\/v2\/media\/6575"}],"wp:attachment":[{"href":"https:\/\/fonsalade.com\/en\/wp-json\/wp\/v2\/media?parent=57"}],"wp:term":[{"taxonomy":"product_cat","embeddable":true,"href":"https:\/\/fonsalade.com\/en\/wp-json\/wp\/v2\/product_cat?post=57"},{"taxonomy":"product_tag","embeddable":true,"href":"https:\/\/fonsalade.com\/en\/wp-json\/wp\/v2\/product_tag?post=57"}],"curies":[{"name":"wp","href":"https:\/\/api.w.org\/{rel}","templated":true}]}}