{"id":61,"date":"2021-07-10T06:21:00","date_gmt":"2021-07-10T04:21:00","guid":{"rendered":"https:\/\/demo2wpopal.b-cdn.net\/bodoni\/product\/enormous-concrete-table\/"},"modified":"2022-04-07T16:00:18","modified_gmt":"2022-04-07T14:00:18","slug":"cuvee-f","status":"publish","type":"product","link":"https:\/\/fonsalade.com\/en\/product-2\/cuvee-f\/","title":{"rendered":"F"},"content":{"rendered":"<p>Notre cuv\u00e9e F vous fait rentrer dans l\u2019appellation Saint Chinian par la grande porte. Assembl\u00e9 autour de nos jeunes Grenache et Syrah, ce vin gourmand, \u00e9pic\u00e9 et tout en fraicheur offre une belle bouche ample sur de jolies notes fruits rouges. Un vin avec un joli potentiel de s\u00e9duction. Accompagnera parfaitement un magret de canard, de l\u2019agneau, des lasagnes ou m\u00eame un couscous.<\/p>","protected":false},"excerpt":{"rendered":"<p>Notre cuv\u00e9e F vous fait rentrer dans l\u2019appellation Saint Chinian par la grande porte. Assembl\u00e9 autour de nos jeunes Grenache et Syrah, ce vin gourmand, \u00e9pic\u00e9 et tout en fraicheur offre une belle bouche ample sur de jolies notes fruits rouges. Un vin avec un joli potentiel de s\u00e9duction. Accompagnera parfaitement un magret de canard, de l\u2019agneau, des lasagnes ou m\u00eame un couscous.<\/p>","protected":false},"featured_media":6864,"comment_status":"open","ping_status":"closed","template":"","meta":{"inline_featured_image":false},"product_cat":[60,58,57],"product_tag":[],"class_list":{"0":"post-61","1":"product","2":"type-product","3":"status-publish","4":"has-post-thumbnail","6":"product_brand-aoc-saint-chinian","7":"product_cat-75cl","8":"product_cat-saint-chinian","9":"product_cat-rouge","11":"first","12":"instock","13":"taxable","14":"shipping-taxable","15":"product-type-simple"},"yoast_head":"<!-- This site is optimized with the Yoast SEO plugin v24.5 - https:\/\/yoast.com\/wordpress\/plugins\/seo\/ -->\n<title>Fonsalade | Cuv\u00e9e F<\/title>\n<meta name=\"description\" content=\"Cuv\u00e9e F c&#039;est gourmand, \u00e9pic\u00e9 et tout en fraicheur offrant une belle bouche ample sur de jolies notes fruits rouges. Grenache et Syrah.\" \/>\n<meta name=\"robots\" content=\"index, follow, max-snippet:-1, max-image-preview:large, max-video-preview:-1\" \/>\n<link rel=\"canonical\" href=\"https:\/\/fonsalade.com\/en\/product-2\/cuvee-f\/\" \/>\n<meta property=\"og:locale\" content=\"en_GB\" \/>\n<meta property=\"og:type\" content=\"article\" \/>\n<meta property=\"og:title\" content=\"Fonsalade | Cuv\u00e9e F\" \/>\n<meta property=\"og:description\" content=\"Cuv\u00e9e F c&#039;est gourmand, \u00e9pic\u00e9 et tout en fraicheur offrant une belle bouche ample sur de jolies notes fruits rouges. Grenache et Syrah.\" \/>\n<meta property=\"og:url\" content=\"https:\/\/fonsalade.com\/en\/product-2\/cuvee-f\/\" \/>\n<meta property=\"og:site_name\" content=\"Fonsalade\" \/>\n<meta property=\"article:publisher\" content=\"https:\/\/www.facebook.com\/Fonsalade\" \/>\n<meta property=\"article:modified_time\" content=\"2022-04-07T14:00:18+00:00\" \/>\n<meta property=\"og:image\" content=\"https:\/\/fonsalade.com\/wp-content\/uploads\/2021\/07\/Chateau-Fonsalade-cuvve-F-rouge.png\" \/>\n\t<meta property=\"og:image:width\" content=\"1000\" \/>\n\t<meta property=\"og:image:height\" content=\"1000\" \/>\n\t<meta property=\"og:image:type\" content=\"image\/png\" \/>\n<meta name=\"twitter:card\" content=\"summary_large_image\" \/>\n<meta name=\"twitter:site\" content=\"@Fonsalade\" \/>\n<meta name=\"twitter:label1\" content=\"Estimated reading time\" \/>\n\t<meta name=\"twitter:data1\" content=\"1 minute\" \/>\n<script type=\"application\/ld+json\" class=\"yoast-schema-graph\">{\"@context\":\"https:\/\/schema.org\",\"@graph\":[{\"@type\":\"WebPage\",\"@id\":\"https:\/\/fonsalade.com\/produit\/cuvee-f\/\",\"url\":\"https:\/\/fonsalade.com\/produit\/cuvee-f\/\",\"name\":\"Fonsalade | Cuv\u00e9e F\",\"isPartOf\":{\"@id\":\"https:\/\/fonsalade.com\/#website\"},\"primaryImageOfPage\":{\"@id\":\"https:\/\/fonsalade.com\/produit\/cuvee-f\/#primaryimage\"},\"image\":{\"@id\":\"https:\/\/fonsalade.com\/produit\/cuvee-f\/#primaryimage\"},\"thumbnailUrl\":\"https:\/\/fonsalade.com\/wp-content\/uploads\/2021\/07\/Chateau-Fonsalade-cuvve-F-rouge.png\",\"datePublished\":\"2021-07-10T04:21:00+00:00\",\"dateModified\":\"2022-04-07T14:00:18+00:00\",\"description\":\"Cuv\u00e9e F c'est gourmand, \u00e9pic\u00e9 et tout en fraicheur offrant une belle bouche ample sur de jolies notes fruits rouges. Grenache et Syrah.\",\"breadcrumb\":{\"@id\":\"https:\/\/fonsalade.com\/produit\/cuvee-f\/#breadcrumb\"},\"inLanguage\":\"en-GB\",\"potentialAction\":[{\"@type\":\"ReadAction\",\"target\":[\"https:\/\/fonsalade.com\/produit\/cuvee-f\/\"]}]},{\"@type\":\"ImageObject\",\"inLanguage\":\"en-GB\",\"@id\":\"https:\/\/fonsalade.com\/produit\/cuvee-f\/#primaryimage\",\"url\":\"https:\/\/fonsalade.com\/wp-content\/uploads\/2021\/07\/Chateau-Fonsalade-cuvve-F-rouge.png\",\"contentUrl\":\"https:\/\/fonsalade.com\/wp-content\/uploads\/2021\/07\/Chateau-Fonsalade-cuvve-F-rouge.png\",\"width\":1000,\"height\":1000,\"caption\":\"Cuv\u00e9e F\"},{\"@type\":\"BreadcrumbList\",\"@id\":\"https:\/\/fonsalade.com\/produit\/cuvee-f\/#breadcrumb\",\"itemListElement\":[{\"@type\":\"ListItem\",\"position\":1,\"name\":\"Accueil\",\"item\":\"https:\/\/fonsalade.com\/\"},{\"@type\":\"ListItem\",\"position\":2,\"name\":\"Boutique\",\"item\":\"https:\/\/fonsalade.com\/?page_id=11\"},{\"@type\":\"ListItem\",\"position\":3,\"name\":\"Cuv\u00e9e F\"}]},{\"@type\":\"WebSite\",\"@id\":\"https:\/\/fonsalade.com\/#website\",\"url\":\"https:\/\/fonsalade.com\/\",\"name\":\"Fonsalade\",\"description\":\"Grand Vin du Languedoc\",\"publisher\":{\"@id\":\"https:\/\/fonsalade.com\/#organization\"},\"potentialAction\":[{\"@type\":\"SearchAction\",\"target\":{\"@type\":\"EntryPoint\",\"urlTemplate\":\"https:\/\/fonsalade.com\/?s={search_term_string}\"},\"query-input\":{\"@type\":\"PropertyValueSpecification\",\"valueRequired\":true,\"valueName\":\"search_term_string\"}}],\"inLanguage\":\"en-GB\"},{\"@type\":\"Organization\",\"@id\":\"https:\/\/fonsalade.com\/#organization\",\"name\":\"Ch\u00e2teau Fonsalade\",\"url\":\"https:\/\/fonsalade.com\/\",\"logo\":{\"@type\":\"ImageObject\",\"inLanguage\":\"en-GB\",\"@id\":\"https:\/\/fonsalade.com\/#\/schema\/logo\/image\/\",\"url\":\"https:\/\/fonsalade.com\/wp-content\/uploads\/2022\/02\/cropped-logo-Fonsalade.png\",\"contentUrl\":\"https:\/\/fonsalade.com\/wp-content\/uploads\/2022\/02\/cropped-logo-Fonsalade.png\",\"width\":300,\"height\":200,\"caption\":\"Ch\u00e2teau Fonsalade\"},\"image\":{\"@id\":\"https:\/\/fonsalade.com\/#\/schema\/logo\/image\/\"},\"sameAs\":[\"https:\/\/www.facebook.com\/Fonsalade\",\"https:\/\/x.com\/Fonsalade\",\"https:\/\/www.instagram.com\/chateau_fonsalade\/\",\"https:\/\/www.linkedin.com\/company\/chateau-fonsalade\/\"]}]}<\/script>\n<!-- \/ Yoast SEO plugin. -->","yoast_head_json":{"title":"Fonsalade | Cuv\u00e9e F","description":"Cuv\u00e9e F c'est gourmand, \u00e9pic\u00e9 et tout en fraicheur offrant une belle bouche ample sur de jolies notes fruits rouges. Grenache et Syrah.","robots":{"index":"index","follow":"follow","max-snippet":"max-snippet:-1","max-image-preview":"max-image-preview:large","max-video-preview":"max-video-preview:-1"},"canonical":"https:\/\/fonsalade.com\/en\/product-2\/cuvee-f\/","og_locale":"en_GB","og_type":"article","og_title":"Fonsalade | Cuv\u00e9e F","og_description":"Cuv\u00e9e F c'est gourmand, \u00e9pic\u00e9 et tout en fraicheur offrant une belle bouche ample sur de jolies notes fruits rouges. Grenache et Syrah.","og_url":"https:\/\/fonsalade.com\/en\/product-2\/cuvee-f\/","og_site_name":"Fonsalade","article_publisher":"https:\/\/www.facebook.com\/Fonsalade","article_modified_time":"2022-04-07T14:00:18+00:00","og_image":[{"width":1000,"height":1000,"url":"https:\/\/fonsalade.com\/wp-content\/uploads\/2021\/07\/Chateau-Fonsalade-cuvve-F-rouge.png","type":"image\/png"}],"twitter_card":"summary_large_image","twitter_site":"@Fonsalade","twitter_misc":{"Estimated reading time":"1 minute"},"schema":{"@context":"https:\/\/schema.org","@graph":[{"@type":"WebPage","@id":"https:\/\/fonsalade.com\/produit\/cuvee-f\/","url":"https:\/\/fonsalade.com\/produit\/cuvee-f\/","name":"Fonsalade | Cuv\u00e9e F","isPartOf":{"@id":"https:\/\/fonsalade.com\/#website"},"primaryImageOfPage":{"@id":"https:\/\/fonsalade.com\/produit\/cuvee-f\/#primaryimage"},"image":{"@id":"https:\/\/fonsalade.com\/produit\/cuvee-f\/#primaryimage"},"thumbnailUrl":"https:\/\/fonsalade.com\/wp-content\/uploads\/2021\/07\/Chateau-Fonsalade-cuvve-F-rouge.png","datePublished":"2021-07-10T04:21:00+00:00","dateModified":"2022-04-07T14:00:18+00:00","description":"Cuv\u00e9e F c'est gourmand, \u00e9pic\u00e9 et tout en fraicheur offrant une belle bouche ample sur de jolies notes fruits rouges. Grenache et Syrah.","breadcrumb":{"@id":"https:\/\/fonsalade.com\/produit\/cuvee-f\/#breadcrumb"},"inLanguage":"en-GB","potentialAction":[{"@type":"ReadAction","target":["https:\/\/fonsalade.com\/produit\/cuvee-f\/"]}]},{"@type":"ImageObject","inLanguage":"en-GB","@id":"https:\/\/fonsalade.com\/produit\/cuvee-f\/#primaryimage","url":"https:\/\/fonsalade.com\/wp-content\/uploads\/2021\/07\/Chateau-Fonsalade-cuvve-F-rouge.png","contentUrl":"https:\/\/fonsalade.com\/wp-content\/uploads\/2021\/07\/Chateau-Fonsalade-cuvve-F-rouge.png","width":1000,"height":1000,"caption":"Cuv\u00e9e F"},{"@type":"BreadcrumbList","@id":"https:\/\/fonsalade.com\/produit\/cuvee-f\/#breadcrumb","itemListElement":[{"@type":"ListItem","position":1,"name":"Accueil","item":"https:\/\/fonsalade.com\/"},{"@type":"ListItem","position":2,"name":"Boutique","item":"https:\/\/fonsalade.com\/?page_id=11"},{"@type":"ListItem","position":3,"name":"Cuv\u00e9e F"}]},{"@type":"WebSite","@id":"https:\/\/fonsalade.com\/#website","url":"https:\/\/fonsalade.com\/","name":"Fonsalade","description":"Grand Vin du Languedoc","publisher":{"@id":"https:\/\/fonsalade.com\/#organization"},"potentialAction":[{"@type":"SearchAction","target":{"@type":"EntryPoint","urlTemplate":"https:\/\/fonsalade.com\/?s={search_term_string}"},"query-input":{"@type":"PropertyValueSpecification","valueRequired":true,"valueName":"search_term_string"}}],"inLanguage":"en-GB"},{"@type":"Organization","@id":"https:\/\/fonsalade.com\/#organization","name":"Ch\u00e2teau Fonsalade","url":"https:\/\/fonsalade.com\/","logo":{"@type":"ImageObject","inLanguage":"en-GB","@id":"https:\/\/fonsalade.com\/#\/schema\/logo\/image\/","url":"https:\/\/fonsalade.com\/wp-content\/uploads\/2022\/02\/cropped-logo-Fonsalade.png","contentUrl":"https:\/\/fonsalade.com\/wp-content\/uploads\/2022\/02\/cropped-logo-Fonsalade.png","width":300,"height":200,"caption":"Ch\u00e2teau Fonsalade"},"image":{"@id":"https:\/\/fonsalade.com\/#\/schema\/logo\/image\/"},"sameAs":["https:\/\/www.facebook.com\/Fonsalade","https:\/\/x.com\/Fonsalade","https:\/\/www.instagram.com\/chateau_fonsalade\/","https:\/\/www.linkedin.com\/company\/chateau-fonsalade\/"]}]}},"_links":{"self":[{"href":"https:\/\/fonsalade.com\/en\/wp-json\/wp\/v2\/product\/61","targetHints":{"allow":["GET"]}}],"collection":[{"href":"https:\/\/fonsalade.com\/en\/wp-json\/wp\/v2\/product"}],"about":[{"href":"https:\/\/fonsalade.com\/en\/wp-json\/wp\/v2\/types\/product"}],"replies":[{"embeddable":true,"href":"https:\/\/fonsalade.com\/en\/wp-json\/wp\/v2\/comments?post=61"}],"version-history":[{"count":2,"href":"https:\/\/fonsalade.com\/en\/wp-json\/wp\/v2\/product\/61\/revisions"}],"predecessor-version":[{"id":6570,"href":"https:\/\/fonsalade.com\/en\/wp-json\/wp\/v2\/product\/61\/revisions\/6570"}],"wp:featuredmedia":[{"embeddable":true,"href":"https:\/\/fonsalade.com\/en\/wp-json\/wp\/v2\/media\/6864"}],"wp:attachment":[{"href":"https:\/\/fonsalade.com\/en\/wp-json\/wp\/v2\/media?parent=61"}],"wp:term":[{"taxonomy":"product_cat","embeddable":true,"href":"https:\/\/fonsalade.com\/en\/wp-json\/wp\/v2\/product_cat?post=61"},{"taxonomy":"product_tag","embeddable":true,"href":"https:\/\/fonsalade.com\/en\/wp-json\/wp\/v2\/product_tag?post=61"}],"curies":[{"name":"wp","href":"https:\/\/api.w.org\/{rel}","templated":true}]}}