{"id":63,"date":"2021-07-10T06:21:02","date_gmt":"2021-07-10T04:21:02","guid":{"rendered":"https:\/\/demo2wpopal.b-cdn.net\/bodoni\/product\/aerodynamic-copper-bottle\/"},"modified":"2022-04-26T15:19:06","modified_gmt":"2022-04-26T13:19:06","slug":"chateau-fonsalade-rouge","status":"publish","type":"product","link":"https:\/\/fonsalade.com\/en\/product-2\/chateau-fonsalade-rouge\/","title":{"rendered":"Ch\u00e2teau Fonsalade Grande Cuv\u00e9e"},"content":{"rendered":"<p>La cuv\u00e9e Ch\u00e2teau Fonsalade est la cuv\u00e9e iconique du domaine. Vin issu de la s\u00e9lection parcellaire de nos meilleures vieilles vignes. Sur une base de grenache et de syrah, c\u2019est le vin le plus repr\u00e9sentatif du Ch\u00e2teau. Avec des notes de fruits noirs, c\u2019est un vin riche tout en finesse. La gourmandise c\u00f4toie la puissance, le tout avec une subtilit\u00e9 surprenante. Une c\u00f4te de b\u0153uf l\u2019accompagnera \u00e0 merveille. Incontestablement, un grand vin de l\u2019appellation Saint Chinian.<\/p>","protected":false},"excerpt":{"rendered":"<p>Vin issu de la s\u00e9lection parcellaire de nos meilleures vieilles vignes. Sur une base de grenache et de syrah, c\u2019est le vin le plus repr\u00e9sentatif du Ch\u00e2teau. Avec des notes de fruits noirs, c\u2019est un vin riche tout en finesse. La gourmandise c\u00f4toie la puissance, le tout avec une subtilit\u00e9 surprenante. Une c\u00f4te de b\u0153uf l\u2019accompagnera \u00e0 merveille. Incontestablement, un grand vin de l\u2019appellation Saint Chinian.<\/p>","protected":false},"featured_media":6564,"comment_status":"open","ping_status":"closed","template":"","meta":{"inline_featured_image":false},"product_cat":[60,58,57],"product_tag":[],"class_list":{"0":"post-63","1":"product","2":"type-product","3":"status-publish","4":"has-post-thumbnail","6":"product_brand-aoc-saint-chinian","7":"product_cat-75cl","8":"product_cat-saint-chinian","9":"product_cat-rouge","11":"first","12":"instock","13":"sold-individually","14":"taxable","15":"shipping-taxable","16":"product-type-simple"},"yoast_head":"<!-- This site is optimized with the Yoast SEO plugin v24.5 - https:\/\/yoast.com\/wordpress\/plugins\/seo\/ -->\n<title>Fonsalade | Ch\u00e2teau Fonsalade Grande Cuv\u00e9e<\/title>\n<meta name=\"description\" content=\"La cuv\u00e9e maitresse du Ch\u00e2teau Fonsalade. Produite \u00e0 partir des vieilles vignes de grenaches, ce vin sera id\u00e9al pour les \u00e9picuriens.\" \/>\n<meta name=\"robots\" content=\"index, follow, max-snippet:-1, max-image-preview:large, max-video-preview:-1\" \/>\n<link rel=\"canonical\" href=\"https:\/\/fonsalade.com\/en\/product-2\/chateau-fonsalade-rouge\/\" \/>\n<meta property=\"og:locale\" content=\"en_GB\" \/>\n<meta property=\"og:type\" content=\"article\" \/>\n<meta property=\"og:title\" content=\"Fonsalade | Ch\u00e2teau Fonsalade Grande Cuv\u00e9e\" \/>\n<meta property=\"og:description\" content=\"La cuv\u00e9e maitresse du Ch\u00e2teau Fonsalade. Produite \u00e0 partir des vieilles vignes de grenaches, ce vin sera id\u00e9al pour les \u00e9picuriens.\" \/>\n<meta property=\"og:url\" content=\"https:\/\/fonsalade.com\/en\/product-2\/chateau-fonsalade-rouge\/\" \/>\n<meta property=\"og:site_name\" content=\"Fonsalade\" \/>\n<meta property=\"article:publisher\" content=\"https:\/\/www.facebook.com\/Fonsalade\" \/>\n<meta property=\"article:modified_time\" content=\"2022-04-26T13:19:06+00:00\" \/>\n<meta property=\"og:image\" content=\"https:\/\/fonsalade.com\/wp-content\/uploads\/2021\/07\/Chateau-Fonsalade-Chateau-Fonsalade-rouge.png\" \/>\n\t<meta property=\"og:image:width\" content=\"1000\" \/>\n\t<meta property=\"og:image:height\" content=\"1000\" \/>\n\t<meta property=\"og:image:type\" content=\"image\/png\" \/>\n<meta name=\"twitter:card\" content=\"summary_large_image\" \/>\n<meta name=\"twitter:site\" content=\"@Fonsalade\" \/>\n<meta name=\"twitter:label1\" content=\"Estimated reading time\" \/>\n\t<meta name=\"twitter:data1\" content=\"1 minute\" \/>\n<script type=\"application\/ld+json\" class=\"yoast-schema-graph\">{\"@context\":\"https:\/\/schema.org\",\"@graph\":[{\"@type\":\"WebPage\",\"@id\":\"https:\/\/fonsalade.com\/produit\/chateau-fonsalade-rouge\/\",\"url\":\"https:\/\/fonsalade.com\/produit\/chateau-fonsalade-rouge\/\",\"name\":\"Fonsalade | Ch\u00e2teau Fonsalade Grande Cuv\u00e9e\",\"isPartOf\":{\"@id\":\"https:\/\/fonsalade.com\/#website\"},\"primaryImageOfPage\":{\"@id\":\"https:\/\/fonsalade.com\/produit\/chateau-fonsalade-rouge\/#primaryimage\"},\"image\":{\"@id\":\"https:\/\/fonsalade.com\/produit\/chateau-fonsalade-rouge\/#primaryimage\"},\"thumbnailUrl\":\"https:\/\/fonsalade.com\/wp-content\/uploads\/2021\/07\/Chateau-Fonsalade-Chateau-Fonsalade-rouge.png\",\"datePublished\":\"2021-07-10T04:21:02+00:00\",\"dateModified\":\"2022-04-26T13:19:06+00:00\",\"description\":\"La cuv\u00e9e maitresse du Ch\u00e2teau Fonsalade. Produite \u00e0 partir des vieilles vignes de grenaches, ce vin sera id\u00e9al pour les \u00e9picuriens.\",\"breadcrumb\":{\"@id\":\"https:\/\/fonsalade.com\/produit\/chateau-fonsalade-rouge\/#breadcrumb\"},\"inLanguage\":\"en-GB\",\"potentialAction\":[{\"@type\":\"ReadAction\",\"target\":[\"https:\/\/fonsalade.com\/produit\/chateau-fonsalade-rouge\/\"]}]},{\"@type\":\"ImageObject\",\"inLanguage\":\"en-GB\",\"@id\":\"https:\/\/fonsalade.com\/produit\/chateau-fonsalade-rouge\/#primaryimage\",\"url\":\"https:\/\/fonsalade.com\/wp-content\/uploads\/2021\/07\/Chateau-Fonsalade-Chateau-Fonsalade-rouge.png\",\"contentUrl\":\"https:\/\/fonsalade.com\/wp-content\/uploads\/2021\/07\/Chateau-Fonsalade-Chateau-Fonsalade-rouge.png\",\"width\":1000,\"height\":1000,\"caption\":\"Ch\u00e2teau Fonsalade\"},{\"@type\":\"BreadcrumbList\",\"@id\":\"https:\/\/fonsalade.com\/produit\/chateau-fonsalade-rouge\/#breadcrumb\",\"itemListElement\":[{\"@type\":\"ListItem\",\"position\":1,\"name\":\"Accueil\",\"item\":\"https:\/\/fonsalade.com\/\"},{\"@type\":\"ListItem\",\"position\":2,\"name\":\"Boutique\",\"item\":\"https:\/\/fonsalade.com\/?page_id=11\"},{\"@type\":\"ListItem\",\"position\":3,\"name\":\"Ch\u00e2teau Fonsalade Grande Cuv\u00e9e\"}]},{\"@type\":\"WebSite\",\"@id\":\"https:\/\/fonsalade.com\/#website\",\"url\":\"https:\/\/fonsalade.com\/\",\"name\":\"Fonsalade\",\"description\":\"Grand Vin du Languedoc\",\"publisher\":{\"@id\":\"https:\/\/fonsalade.com\/#organization\"},\"potentialAction\":[{\"@type\":\"SearchAction\",\"target\":{\"@type\":\"EntryPoint\",\"urlTemplate\":\"https:\/\/fonsalade.com\/?s={search_term_string}\"},\"query-input\":{\"@type\":\"PropertyValueSpecification\",\"valueRequired\":true,\"valueName\":\"search_term_string\"}}],\"inLanguage\":\"en-GB\"},{\"@type\":\"Organization\",\"@id\":\"https:\/\/fonsalade.com\/#organization\",\"name\":\"Ch\u00e2teau Fonsalade\",\"url\":\"https:\/\/fonsalade.com\/\",\"logo\":{\"@type\":\"ImageObject\",\"inLanguage\":\"en-GB\",\"@id\":\"https:\/\/fonsalade.com\/#\/schema\/logo\/image\/\",\"url\":\"https:\/\/fonsalade.com\/wp-content\/uploads\/2022\/02\/cropped-logo-Fonsalade.png\",\"contentUrl\":\"https:\/\/fonsalade.com\/wp-content\/uploads\/2022\/02\/cropped-logo-Fonsalade.png\",\"width\":300,\"height\":200,\"caption\":\"Ch\u00e2teau Fonsalade\"},\"image\":{\"@id\":\"https:\/\/fonsalade.com\/#\/schema\/logo\/image\/\"},\"sameAs\":[\"https:\/\/www.facebook.com\/Fonsalade\",\"https:\/\/x.com\/Fonsalade\",\"https:\/\/www.instagram.com\/chateau_fonsalade\/\",\"https:\/\/www.linkedin.com\/company\/chateau-fonsalade\/\"]}]}<\/script>\n<!-- \/ Yoast SEO plugin. -->","yoast_head_json":{"title":"Fonsalade | Ch\u00e2teau Fonsalade Grande Cuv\u00e9e","description":"La cuv\u00e9e maitresse du Ch\u00e2teau Fonsalade. Produite \u00e0 partir des vieilles vignes de grenaches, ce vin sera id\u00e9al pour les \u00e9picuriens.","robots":{"index":"index","follow":"follow","max-snippet":"max-snippet:-1","max-image-preview":"max-image-preview:large","max-video-preview":"max-video-preview:-1"},"canonical":"https:\/\/fonsalade.com\/en\/product-2\/chateau-fonsalade-rouge\/","og_locale":"en_GB","og_type":"article","og_title":"Fonsalade | Ch\u00e2teau Fonsalade Grande Cuv\u00e9e","og_description":"La cuv\u00e9e maitresse du Ch\u00e2teau Fonsalade. Produite \u00e0 partir des vieilles vignes de grenaches, ce vin sera id\u00e9al pour les \u00e9picuriens.","og_url":"https:\/\/fonsalade.com\/en\/product-2\/chateau-fonsalade-rouge\/","og_site_name":"Fonsalade","article_publisher":"https:\/\/www.facebook.com\/Fonsalade","article_modified_time":"2022-04-26T13:19:06+00:00","og_image":[{"width":1000,"height":1000,"url":"https:\/\/fonsalade.com\/wp-content\/uploads\/2021\/07\/Chateau-Fonsalade-Chateau-Fonsalade-rouge.png","type":"image\/png"}],"twitter_card":"summary_large_image","twitter_site":"@Fonsalade","twitter_misc":{"Estimated reading time":"1 minute"},"schema":{"@context":"https:\/\/schema.org","@graph":[{"@type":"WebPage","@id":"https:\/\/fonsalade.com\/produit\/chateau-fonsalade-rouge\/","url":"https:\/\/fonsalade.com\/produit\/chateau-fonsalade-rouge\/","name":"Fonsalade | Ch\u00e2teau Fonsalade Grande Cuv\u00e9e","isPartOf":{"@id":"https:\/\/fonsalade.com\/#website"},"primaryImageOfPage":{"@id":"https:\/\/fonsalade.com\/produit\/chateau-fonsalade-rouge\/#primaryimage"},"image":{"@id":"https:\/\/fonsalade.com\/produit\/chateau-fonsalade-rouge\/#primaryimage"},"thumbnailUrl":"https:\/\/fonsalade.com\/wp-content\/uploads\/2021\/07\/Chateau-Fonsalade-Chateau-Fonsalade-rouge.png","datePublished":"2021-07-10T04:21:02+00:00","dateModified":"2022-04-26T13:19:06+00:00","description":"La cuv\u00e9e maitresse du Ch\u00e2teau Fonsalade. Produite \u00e0 partir des vieilles vignes de grenaches, ce vin sera id\u00e9al pour les \u00e9picuriens.","breadcrumb":{"@id":"https:\/\/fonsalade.com\/produit\/chateau-fonsalade-rouge\/#breadcrumb"},"inLanguage":"en-GB","potentialAction":[{"@type":"ReadAction","target":["https:\/\/fonsalade.com\/produit\/chateau-fonsalade-rouge\/"]}]},{"@type":"ImageObject","inLanguage":"en-GB","@id":"https:\/\/fonsalade.com\/produit\/chateau-fonsalade-rouge\/#primaryimage","url":"https:\/\/fonsalade.com\/wp-content\/uploads\/2021\/07\/Chateau-Fonsalade-Chateau-Fonsalade-rouge.png","contentUrl":"https:\/\/fonsalade.com\/wp-content\/uploads\/2021\/07\/Chateau-Fonsalade-Chateau-Fonsalade-rouge.png","width":1000,"height":1000,"caption":"Ch\u00e2teau Fonsalade"},{"@type":"BreadcrumbList","@id":"https:\/\/fonsalade.com\/produit\/chateau-fonsalade-rouge\/#breadcrumb","itemListElement":[{"@type":"ListItem","position":1,"name":"Accueil","item":"https:\/\/fonsalade.com\/"},{"@type":"ListItem","position":2,"name":"Boutique","item":"https:\/\/fonsalade.com\/?page_id=11"},{"@type":"ListItem","position":3,"name":"Ch\u00e2teau Fonsalade Grande Cuv\u00e9e"}]},{"@type":"WebSite","@id":"https:\/\/fonsalade.com\/#website","url":"https:\/\/fonsalade.com\/","name":"Fonsalade","description":"Grand Vin du Languedoc","publisher":{"@id":"https:\/\/fonsalade.com\/#organization"},"potentialAction":[{"@type":"SearchAction","target":{"@type":"EntryPoint","urlTemplate":"https:\/\/fonsalade.com\/?s={search_term_string}"},"query-input":{"@type":"PropertyValueSpecification","valueRequired":true,"valueName":"search_term_string"}}],"inLanguage":"en-GB"},{"@type":"Organization","@id":"https:\/\/fonsalade.com\/#organization","name":"Ch\u00e2teau Fonsalade","url":"https:\/\/fonsalade.com\/","logo":{"@type":"ImageObject","inLanguage":"en-GB","@id":"https:\/\/fonsalade.com\/#\/schema\/logo\/image\/","url":"https:\/\/fonsalade.com\/wp-content\/uploads\/2022\/02\/cropped-logo-Fonsalade.png","contentUrl":"https:\/\/fonsalade.com\/wp-content\/uploads\/2022\/02\/cropped-logo-Fonsalade.png","width":300,"height":200,"caption":"Ch\u00e2teau Fonsalade"},"image":{"@id":"https:\/\/fonsalade.com\/#\/schema\/logo\/image\/"},"sameAs":["https:\/\/www.facebook.com\/Fonsalade","https:\/\/x.com\/Fonsalade","https:\/\/www.instagram.com\/chateau_fonsalade\/","https:\/\/www.linkedin.com\/company\/chateau-fonsalade\/"]}]}},"_links":{"self":[{"href":"https:\/\/fonsalade.com\/en\/wp-json\/wp\/v2\/product\/63","targetHints":{"allow":["GET"]}}],"collection":[{"href":"https:\/\/fonsalade.com\/en\/wp-json\/wp\/v2\/product"}],"about":[{"href":"https:\/\/fonsalade.com\/en\/wp-json\/wp\/v2\/types\/product"}],"replies":[{"embeddable":true,"href":"https:\/\/fonsalade.com\/en\/wp-json\/wp\/v2\/comments?post=63"}],"version-history":[{"count":3,"href":"https:\/\/fonsalade.com\/en\/wp-json\/wp\/v2\/product\/63\/revisions"}],"predecessor-version":[{"id":8598,"href":"https:\/\/fonsalade.com\/en\/wp-json\/wp\/v2\/product\/63\/revisions\/8598"}],"wp:featuredmedia":[{"embeddable":true,"href":"https:\/\/fonsalade.com\/en\/wp-json\/wp\/v2\/media\/6564"}],"wp:attachment":[{"href":"https:\/\/fonsalade.com\/en\/wp-json\/wp\/v2\/media?parent=63"}],"wp:term":[{"taxonomy":"product_cat","embeddable":true,"href":"https:\/\/fonsalade.com\/en\/wp-json\/wp\/v2\/product_cat?post=63"},{"taxonomy":"product_tag","embeddable":true,"href":"https:\/\/fonsalade.com\/en\/wp-json\/wp\/v2\/product_tag?post=63"}],"curies":[{"name":"wp","href":"https:\/\/api.w.org\/{rel}","templated":true}]}}