{"id":65,"date":"2021-07-10T06:21:04","date_gmt":"2021-07-10T04:21:04","guid":{"rendered":"https:\/\/demo2wpopal.b-cdn.net\/bodoni\/product\/fantastic-cotton-clock\/"},"modified":"2022-04-07T15:50:10","modified_gmt":"2022-04-07T13:50:10","slug":"felix-culpa","status":"publish","type":"product","link":"https:\/\/fonsalade.com\/en\/product-2\/felix-culpa\/","title":{"rendered":"FELIX CULPA"},"content":{"rendered":"<p>La cuv\u00e9e Prestige du domaine ! Moins de 6000 bouteilles par an. C\u2019est un vin tr\u00e8s \u00e9l\u00e9gant avec un rouge intense aux reflets violets. Fruits confits et toast\u00e9s offrent une bouche subtile, fraiche et \u00e9pic\u00e9e avec une finale vanill\u00e9e tr\u00e8s s\u00e9duisante. Puissance, richesse, \u00e9l\u00e9gance : voici les trois mots qui d\u00e9finissent le mieux ce grand vin du Languedoc.<\/p>","protected":false},"excerpt":{"rendered":"<p>La cuv\u00e9e Prestige du domaine ! Moins de 6000 bouteilles par an. C\u2019est un vin tr\u00e8s \u00e9l\u00e9gant avec un rouge intense aux reflets violets. Fruits confits et toast\u00e9s offrent une bouche subtile, fraiche et \u00e9pic\u00e9e avec une finale vanill\u00e9e tr\u00e8s s\u00e9duisante. Puissance, richesse, \u00e9l\u00e9gance : voici les trois mots qui d\u00e9finissent le mieux ce grand vin du Languedoc.<\/p>\n<p>Decant for at least an hour to reveal all its character! It will be the perfect pairing with lamb, T-bone steak of asian cuisine.<\/p>","protected":false},"featured_media":6559,"comment_status":"open","ping_status":"closed","template":"","meta":{"inline_featured_image":false},"product_cat":[60,58,57],"product_tag":[],"class_list":{"0":"post-65","1":"product","2":"type-product","3":"status-publish","4":"has-post-thumbnail","6":"product_brand-aoc-saint-chinian","7":"product_cat-75cl","8":"product_cat-saint-chinian","9":"product_cat-rouge","11":"first","12":"instock","13":"taxable","14":"shipping-taxable","15":"product-type-simple"},"yoast_head":"<!-- This site is optimized with the Yoast SEO plugin v24.5 - https:\/\/yoast.com\/wordpress\/plugins\/seo\/ -->\n<title>Fonsalade | FELIX CULPA<\/title>\n<meta name=\"description\" content=\"La cuv\u00e9e Prestige du domaine ! Moins de 6000 bouteilles par an. Puissance, richesse, \u00e9l\u00e9gance pour ce grand vin du Languedoc.\" \/>\n<meta name=\"robots\" content=\"index, follow, max-snippet:-1, max-image-preview:large, max-video-preview:-1\" \/>\n<link rel=\"canonical\" href=\"https:\/\/fonsalade.com\/en\/product-2\/felix-culpa\/\" \/>\n<meta property=\"og:locale\" content=\"en_GB\" \/>\n<meta property=\"og:type\" content=\"article\" \/>\n<meta property=\"og:title\" content=\"Fonsalade | FELIX CULPA\" \/>\n<meta property=\"og:description\" content=\"La cuv\u00e9e Prestige du domaine ! Moins de 6000 bouteilles par an. Puissance, richesse, \u00e9l\u00e9gance pour ce grand vin du Languedoc.\" \/>\n<meta property=\"og:url\" content=\"https:\/\/fonsalade.com\/en\/product-2\/felix-culpa\/\" \/>\n<meta property=\"og:site_name\" content=\"Fonsalade\" \/>\n<meta property=\"article:publisher\" content=\"https:\/\/www.facebook.com\/Fonsalade\" \/>\n<meta property=\"article:modified_time\" content=\"2022-04-07T13:50:10+00:00\" \/>\n<meta property=\"og:image\" content=\"https:\/\/fonsalade.com\/wp-content\/uploads\/2021\/07\/Chateau-Fonsalade-Felix-Culpa.png\" \/>\n\t<meta property=\"og:image:width\" content=\"1000\" \/>\n\t<meta property=\"og:image:height\" content=\"1000\" \/>\n\t<meta property=\"og:image:type\" content=\"image\/png\" \/>\n<meta name=\"twitter:card\" content=\"summary_large_image\" \/>\n<meta name=\"twitter:site\" content=\"@Fonsalade\" \/>\n<script type=\"application\/ld+json\" class=\"yoast-schema-graph\">{\"@context\":\"https:\/\/schema.org\",\"@graph\":[{\"@type\":\"WebPage\",\"@id\":\"https:\/\/fonsalade.com\/produit\/felix-culpa\/\",\"url\":\"https:\/\/fonsalade.com\/produit\/felix-culpa\/\",\"name\":\"Fonsalade | FELIX CULPA\",\"isPartOf\":{\"@id\":\"https:\/\/fonsalade.com\/#website\"},\"primaryImageOfPage\":{\"@id\":\"https:\/\/fonsalade.com\/produit\/felix-culpa\/#primaryimage\"},\"image\":{\"@id\":\"https:\/\/fonsalade.com\/produit\/felix-culpa\/#primaryimage\"},\"thumbnailUrl\":\"https:\/\/fonsalade.com\/wp-content\/uploads\/2021\/07\/Chateau-Fonsalade-Felix-Culpa.png\",\"datePublished\":\"2021-07-10T04:21:04+00:00\",\"dateModified\":\"2022-04-07T13:50:10+00:00\",\"description\":\"La cuv\u00e9e Prestige du domaine ! Moins de 6000 bouteilles par an. Puissance, richesse, \u00e9l\u00e9gance pour ce grand vin du Languedoc.\",\"breadcrumb\":{\"@id\":\"https:\/\/fonsalade.com\/produit\/felix-culpa\/#breadcrumb\"},\"inLanguage\":\"en-GB\",\"potentialAction\":[{\"@type\":\"ReadAction\",\"target\":[\"https:\/\/fonsalade.com\/produit\/felix-culpa\/\"]}]},{\"@type\":\"ImageObject\",\"inLanguage\":\"en-GB\",\"@id\":\"https:\/\/fonsalade.com\/produit\/felix-culpa\/#primaryimage\",\"url\":\"https:\/\/fonsalade.com\/wp-content\/uploads\/2021\/07\/Chateau-Fonsalade-Felix-Culpa.png\",\"contentUrl\":\"https:\/\/fonsalade.com\/wp-content\/uploads\/2021\/07\/Chateau-Fonsalade-Felix-Culpa.png\",\"width\":1000,\"height\":1000,\"caption\":\"Felix Culpa\"},{\"@type\":\"BreadcrumbList\",\"@id\":\"https:\/\/fonsalade.com\/produit\/felix-culpa\/#breadcrumb\",\"itemListElement\":[{\"@type\":\"ListItem\",\"position\":1,\"name\":\"Accueil\",\"item\":\"https:\/\/fonsalade.com\/\"},{\"@type\":\"ListItem\",\"position\":2,\"name\":\"Boutique\",\"item\":\"https:\/\/fonsalade.com\/?page_id=11\"},{\"@type\":\"ListItem\",\"position\":3,\"name\":\"FELIX CULPA\"}]},{\"@type\":\"WebSite\",\"@id\":\"https:\/\/fonsalade.com\/#website\",\"url\":\"https:\/\/fonsalade.com\/\",\"name\":\"Fonsalade\",\"description\":\"Grand Vin du Languedoc\",\"publisher\":{\"@id\":\"https:\/\/fonsalade.com\/#organization\"},\"potentialAction\":[{\"@type\":\"SearchAction\",\"target\":{\"@type\":\"EntryPoint\",\"urlTemplate\":\"https:\/\/fonsalade.com\/?s={search_term_string}\"},\"query-input\":{\"@type\":\"PropertyValueSpecification\",\"valueRequired\":true,\"valueName\":\"search_term_string\"}}],\"inLanguage\":\"en-GB\"},{\"@type\":\"Organization\",\"@id\":\"https:\/\/fonsalade.com\/#organization\",\"name\":\"Ch\u00e2teau Fonsalade\",\"url\":\"https:\/\/fonsalade.com\/\",\"logo\":{\"@type\":\"ImageObject\",\"inLanguage\":\"en-GB\",\"@id\":\"https:\/\/fonsalade.com\/#\/schema\/logo\/image\/\",\"url\":\"https:\/\/fonsalade.com\/wp-content\/uploads\/2022\/02\/cropped-logo-Fonsalade.png\",\"contentUrl\":\"https:\/\/fonsalade.com\/wp-content\/uploads\/2022\/02\/cropped-logo-Fonsalade.png\",\"width\":300,\"height\":200,\"caption\":\"Ch\u00e2teau Fonsalade\"},\"image\":{\"@id\":\"https:\/\/fonsalade.com\/#\/schema\/logo\/image\/\"},\"sameAs\":[\"https:\/\/www.facebook.com\/Fonsalade\",\"https:\/\/x.com\/Fonsalade\",\"https:\/\/www.instagram.com\/chateau_fonsalade\/\",\"https:\/\/www.linkedin.com\/company\/chateau-fonsalade\/\"]}]}<\/script>\n<!-- \/ Yoast SEO plugin. -->","yoast_head_json":{"title":"Fonsalade | FELIX CULPA","description":"La cuv\u00e9e Prestige du domaine ! Moins de 6000 bouteilles par an. Puissance, richesse, \u00e9l\u00e9gance pour ce grand vin du Languedoc.","robots":{"index":"index","follow":"follow","max-snippet":"max-snippet:-1","max-image-preview":"max-image-preview:large","max-video-preview":"max-video-preview:-1"},"canonical":"https:\/\/fonsalade.com\/en\/product-2\/felix-culpa\/","og_locale":"en_GB","og_type":"article","og_title":"Fonsalade | FELIX CULPA","og_description":"La cuv\u00e9e Prestige du domaine ! Moins de 6000 bouteilles par an. Puissance, richesse, \u00e9l\u00e9gance pour ce grand vin du Languedoc.","og_url":"https:\/\/fonsalade.com\/en\/product-2\/felix-culpa\/","og_site_name":"Fonsalade","article_publisher":"https:\/\/www.facebook.com\/Fonsalade","article_modified_time":"2022-04-07T13:50:10+00:00","og_image":[{"width":1000,"height":1000,"url":"https:\/\/fonsalade.com\/wp-content\/uploads\/2021\/07\/Chateau-Fonsalade-Felix-Culpa.png","type":"image\/png"}],"twitter_card":"summary_large_image","twitter_site":"@Fonsalade","schema":{"@context":"https:\/\/schema.org","@graph":[{"@type":"WebPage","@id":"https:\/\/fonsalade.com\/produit\/felix-culpa\/","url":"https:\/\/fonsalade.com\/produit\/felix-culpa\/","name":"Fonsalade | FELIX CULPA","isPartOf":{"@id":"https:\/\/fonsalade.com\/#website"},"primaryImageOfPage":{"@id":"https:\/\/fonsalade.com\/produit\/felix-culpa\/#primaryimage"},"image":{"@id":"https:\/\/fonsalade.com\/produit\/felix-culpa\/#primaryimage"},"thumbnailUrl":"https:\/\/fonsalade.com\/wp-content\/uploads\/2021\/07\/Chateau-Fonsalade-Felix-Culpa.png","datePublished":"2021-07-10T04:21:04+00:00","dateModified":"2022-04-07T13:50:10+00:00","description":"La cuv\u00e9e Prestige du domaine ! Moins de 6000 bouteilles par an. Puissance, richesse, \u00e9l\u00e9gance pour ce grand vin du Languedoc.","breadcrumb":{"@id":"https:\/\/fonsalade.com\/produit\/felix-culpa\/#breadcrumb"},"inLanguage":"en-GB","potentialAction":[{"@type":"ReadAction","target":["https:\/\/fonsalade.com\/produit\/felix-culpa\/"]}]},{"@type":"ImageObject","inLanguage":"en-GB","@id":"https:\/\/fonsalade.com\/produit\/felix-culpa\/#primaryimage","url":"https:\/\/fonsalade.com\/wp-content\/uploads\/2021\/07\/Chateau-Fonsalade-Felix-Culpa.png","contentUrl":"https:\/\/fonsalade.com\/wp-content\/uploads\/2021\/07\/Chateau-Fonsalade-Felix-Culpa.png","width":1000,"height":1000,"caption":"Felix Culpa"},{"@type":"BreadcrumbList","@id":"https:\/\/fonsalade.com\/produit\/felix-culpa\/#breadcrumb","itemListElement":[{"@type":"ListItem","position":1,"name":"Accueil","item":"https:\/\/fonsalade.com\/"},{"@type":"ListItem","position":2,"name":"Boutique","item":"https:\/\/fonsalade.com\/?page_id=11"},{"@type":"ListItem","position":3,"name":"FELIX CULPA"}]},{"@type":"WebSite","@id":"https:\/\/fonsalade.com\/#website","url":"https:\/\/fonsalade.com\/","name":"Fonsalade","description":"Grand Vin du Languedoc","publisher":{"@id":"https:\/\/fonsalade.com\/#organization"},"potentialAction":[{"@type":"SearchAction","target":{"@type":"EntryPoint","urlTemplate":"https:\/\/fonsalade.com\/?s={search_term_string}"},"query-input":{"@type":"PropertyValueSpecification","valueRequired":true,"valueName":"search_term_string"}}],"inLanguage":"en-GB"},{"@type":"Organization","@id":"https:\/\/fonsalade.com\/#organization","name":"Ch\u00e2teau Fonsalade","url":"https:\/\/fonsalade.com\/","logo":{"@type":"ImageObject","inLanguage":"en-GB","@id":"https:\/\/fonsalade.com\/#\/schema\/logo\/image\/","url":"https:\/\/fonsalade.com\/wp-content\/uploads\/2022\/02\/cropped-logo-Fonsalade.png","contentUrl":"https:\/\/fonsalade.com\/wp-content\/uploads\/2022\/02\/cropped-logo-Fonsalade.png","width":300,"height":200,"caption":"Ch\u00e2teau Fonsalade"},"image":{"@id":"https:\/\/fonsalade.com\/#\/schema\/logo\/image\/"},"sameAs":["https:\/\/www.facebook.com\/Fonsalade","https:\/\/x.com\/Fonsalade","https:\/\/www.instagram.com\/chateau_fonsalade\/","https:\/\/www.linkedin.com\/company\/chateau-fonsalade\/"]}]}},"_links":{"self":[{"href":"https:\/\/fonsalade.com\/en\/wp-json\/wp\/v2\/product\/65","targetHints":{"allow":["GET"]}}],"collection":[{"href":"https:\/\/fonsalade.com\/en\/wp-json\/wp\/v2\/product"}],"about":[{"href":"https:\/\/fonsalade.com\/en\/wp-json\/wp\/v2\/types\/product"}],"replies":[{"embeddable":true,"href":"https:\/\/fonsalade.com\/en\/wp-json\/wp\/v2\/comments?post=65"}],"version-history":[{"count":3,"href":"https:\/\/fonsalade.com\/en\/wp-json\/wp\/v2\/product\/65\/revisions"}],"predecessor-version":[{"id":6566,"href":"https:\/\/fonsalade.com\/en\/wp-json\/wp\/v2\/product\/65\/revisions\/6566"}],"wp:featuredmedia":[{"embeddable":true,"href":"https:\/\/fonsalade.com\/en\/wp-json\/wp\/v2\/media\/6559"}],"wp:attachment":[{"href":"https:\/\/fonsalade.com\/en\/wp-json\/wp\/v2\/media?parent=65"}],"wp:term":[{"taxonomy":"product_cat","embeddable":true,"href":"https:\/\/fonsalade.com\/en\/wp-json\/wp\/v2\/product_cat?post=65"},{"taxonomy":"product_tag","embeddable":true,"href":"https:\/\/fonsalade.com\/en\/wp-json\/wp\/v2\/product_tag?post=65"}],"curies":[{"name":"wp","href":"https:\/\/api.w.org\/{rel}","templated":true}]}}