{"id":6594,"date":"2022-01-19T16:08:36","date_gmt":"2022-01-19T15:08:36","guid":{"rendered":"https:\/\/dev.fonsalade.com\/?post_type=product&#038;p=6594"},"modified":"2022-04-07T15:42:33","modified_gmt":"2022-04-07T13:42:33","slug":"magnum-chateau-fonsalade","status":"publish","type":"product","link":"https:\/\/fonsalade.com\/en\/product-2\/magnum-chateau-fonsalade\/","title":{"rendered":"Magnum Chateau Fonsalade"},"content":{"rendered":"<p>Vin issu de la s\u00e9lection parcellaire de nos meilleures vieilles vignes. Sur une base de grenache et de syrah, c\u2019est le vin le plus repr\u00e9sentatif du Ch\u00e2teau. Avec des notes de fruits noirs, c\u2019est un vin riche tout en finesse. La gourmandise c\u00f4toie la puissance, le tout avec une subtilit\u00e9 surprenante. Une c\u00f4te de b\u0153uf l\u2019accompagnera \u00e0 merveille. Incontestablement, un grand vin de l\u2019appellation Saint Chinian.<\/p>","protected":false},"excerpt":{"rendered":"<p>Vin issu de la s\u00e9lection parcellaire de nos meilleures vieilles vignes. Sur une base de grenache et de syrah, c\u2019est le vin le plus repr\u00e9sentatif du Ch\u00e2teau. Avec des notes de fruits noirs, c\u2019est un vin riche tout en finesse. La gourmandise c\u00f4toie la puissance, le tout avec une subtilit\u00e9 surprenante. Une c\u00f4te de b\u0153uf l\u2019accompagnera \u00e0 merveille. Incontestablement, un grand vin de l\u2019appellation Saint Chinian.<\/p>","protected":false},"featured_media":6564,"comment_status":"open","ping_status":"closed","template":"","meta":{"inline_featured_image":false},"product_cat":[61,58,57],"product_tag":[],"class_list":{"0":"post-6594","1":"product","2":"type-product","3":"status-publish","4":"has-post-thumbnail","6":"product_cat-150cl","7":"product_cat-saint-chinian","8":"product_cat-rouge","10":"first","11":"instock","12":"sold-individually","13":"taxable","14":"shipping-taxable","15":"product-type-simple"},"yoast_head":"<!-- This site is optimized with the Yoast SEO plugin v24.5 - https:\/\/yoast.com\/wordpress\/plugins\/seo\/ -->\n<title>Fonsalade | Magnum Chateau Fonsalade<\/title>\n<meta name=\"robots\" content=\"index, follow, max-snippet:-1, max-image-preview:large, max-video-preview:-1\" \/>\n<link rel=\"canonical\" href=\"https:\/\/fonsalade.com\/en\/product-2\/magnum-chateau-fonsalade\/\" \/>\n<meta property=\"og:locale\" content=\"en_GB\" \/>\n<meta property=\"og:type\" content=\"article\" \/>\n<meta property=\"og:title\" content=\"Fonsalade | Magnum Chateau Fonsalade\" \/>\n<meta property=\"og:description\" content=\"Vin issu de la s\u00e9lection parcellaire de nos meilleures vieilles vignes. Sur une base de grenache et de syrah, c\u2019est le vin le plus repr\u00e9sentatif du Ch\u00e2teau. Avec des notes de fruits noirs, c\u2019est un vin riche tout en finesse. La gourmandise c\u00f4toie la puissance, le tout avec une subtilit\u00e9 surprenante. Une c\u00f4te de b\u0153uf l\u2019accompagnera \u00e0 merveille. Incontestablement, un grand vin de l\u2019appellation Saint Chinian.\" \/>\n<meta property=\"og:url\" content=\"https:\/\/fonsalade.com\/en\/product-2\/magnum-chateau-fonsalade\/\" \/>\n<meta property=\"og:site_name\" content=\"Fonsalade\" \/>\n<meta property=\"article:publisher\" content=\"https:\/\/www.facebook.com\/Fonsalade\" \/>\n<meta property=\"article:modified_time\" content=\"2022-04-07T13:42:33+00:00\" \/>\n<meta property=\"og:image\" content=\"https:\/\/fonsalade.com\/wp-content\/uploads\/2021\/07\/Chateau-Fonsalade-Chateau-Fonsalade-rouge.png\" \/>\n\t<meta property=\"og:image:width\" content=\"1000\" \/>\n\t<meta property=\"og:image:height\" content=\"1000\" \/>\n\t<meta property=\"og:image:type\" content=\"image\/png\" \/>\n<meta name=\"twitter:card\" content=\"summary_large_image\" \/>\n<meta name=\"twitter:site\" content=\"@Fonsalade\" \/>\n<script type=\"application\/ld+json\" class=\"yoast-schema-graph\">{\"@context\":\"https:\/\/schema.org\",\"@graph\":[{\"@type\":\"WebPage\",\"@id\":\"https:\/\/fonsalade.com\/produit\/magnum-chateau-fonsalade\/\",\"url\":\"https:\/\/fonsalade.com\/produit\/magnum-chateau-fonsalade\/\",\"name\":\"Fonsalade | Magnum Chateau Fonsalade\",\"isPartOf\":{\"@id\":\"https:\/\/fonsalade.com\/#website\"},\"primaryImageOfPage\":{\"@id\":\"https:\/\/fonsalade.com\/produit\/magnum-chateau-fonsalade\/#primaryimage\"},\"image\":{\"@id\":\"https:\/\/fonsalade.com\/produit\/magnum-chateau-fonsalade\/#primaryimage\"},\"thumbnailUrl\":\"https:\/\/fonsalade.com\/wp-content\/uploads\/2021\/07\/Chateau-Fonsalade-Chateau-Fonsalade-rouge.png\",\"datePublished\":\"2022-01-19T15:08:36+00:00\",\"dateModified\":\"2022-04-07T13:42:33+00:00\",\"breadcrumb\":{\"@id\":\"https:\/\/fonsalade.com\/produit\/magnum-chateau-fonsalade\/#breadcrumb\"},\"inLanguage\":\"en-GB\",\"potentialAction\":[{\"@type\":\"ReadAction\",\"target\":[\"https:\/\/fonsalade.com\/produit\/magnum-chateau-fonsalade\/\"]}]},{\"@type\":\"ImageObject\",\"inLanguage\":\"en-GB\",\"@id\":\"https:\/\/fonsalade.com\/produit\/magnum-chateau-fonsalade\/#primaryimage\",\"url\":\"https:\/\/fonsalade.com\/wp-content\/uploads\/2021\/07\/Chateau-Fonsalade-Chateau-Fonsalade-rouge.png\",\"contentUrl\":\"https:\/\/fonsalade.com\/wp-content\/uploads\/2021\/07\/Chateau-Fonsalade-Chateau-Fonsalade-rouge.png\",\"width\":1000,\"height\":1000,\"caption\":\"Ch\u00e2teau Fonsalade\"},{\"@type\":\"BreadcrumbList\",\"@id\":\"https:\/\/fonsalade.com\/produit\/magnum-chateau-fonsalade\/#breadcrumb\",\"itemListElement\":[{\"@type\":\"ListItem\",\"position\":1,\"name\":\"Accueil\",\"item\":\"https:\/\/fonsalade.com\/\"},{\"@type\":\"ListItem\",\"position\":2,\"name\":\"Boutique\",\"item\":\"https:\/\/fonsalade.com\/?page_id=11\"},{\"@type\":\"ListItem\",\"position\":3,\"name\":\"Magnum Chateau Fonsalade\"}]},{\"@type\":\"WebSite\",\"@id\":\"https:\/\/fonsalade.com\/#website\",\"url\":\"https:\/\/fonsalade.com\/\",\"name\":\"Fonsalade\",\"description\":\"Grand Vin du Languedoc\",\"publisher\":{\"@id\":\"https:\/\/fonsalade.com\/#organization\"},\"potentialAction\":[{\"@type\":\"SearchAction\",\"target\":{\"@type\":\"EntryPoint\",\"urlTemplate\":\"https:\/\/fonsalade.com\/?s={search_term_string}\"},\"query-input\":{\"@type\":\"PropertyValueSpecification\",\"valueRequired\":true,\"valueName\":\"search_term_string\"}}],\"inLanguage\":\"en-GB\"},{\"@type\":\"Organization\",\"@id\":\"https:\/\/fonsalade.com\/#organization\",\"name\":\"Ch\u00e2teau Fonsalade\",\"url\":\"https:\/\/fonsalade.com\/\",\"logo\":{\"@type\":\"ImageObject\",\"inLanguage\":\"en-GB\",\"@id\":\"https:\/\/fonsalade.com\/#\/schema\/logo\/image\/\",\"url\":\"https:\/\/fonsalade.com\/wp-content\/uploads\/2022\/02\/cropped-logo-Fonsalade.png\",\"contentUrl\":\"https:\/\/fonsalade.com\/wp-content\/uploads\/2022\/02\/cropped-logo-Fonsalade.png\",\"width\":300,\"height\":200,\"caption\":\"Ch\u00e2teau Fonsalade\"},\"image\":{\"@id\":\"https:\/\/fonsalade.com\/#\/schema\/logo\/image\/\"},\"sameAs\":[\"https:\/\/www.facebook.com\/Fonsalade\",\"https:\/\/x.com\/Fonsalade\",\"https:\/\/www.instagram.com\/chateau_fonsalade\/\",\"https:\/\/www.linkedin.com\/company\/chateau-fonsalade\/\"]}]}<\/script>\n<!-- \/ Yoast SEO plugin. -->","yoast_head_json":{"title":"Fonsalade | Magnum Chateau Fonsalade","robots":{"index":"index","follow":"follow","max-snippet":"max-snippet:-1","max-image-preview":"max-image-preview:large","max-video-preview":"max-video-preview:-1"},"canonical":"https:\/\/fonsalade.com\/en\/product-2\/magnum-chateau-fonsalade\/","og_locale":"en_GB","og_type":"article","og_title":"Fonsalade | Magnum Chateau Fonsalade","og_description":"Vin issu de la s\u00e9lection parcellaire de nos meilleures vieilles vignes. Sur une base de grenache et de syrah, c\u2019est le vin le plus repr\u00e9sentatif du Ch\u00e2teau. Avec des notes de fruits noirs, c\u2019est un vin riche tout en finesse. La gourmandise c\u00f4toie la puissance, le tout avec une subtilit\u00e9 surprenante. Une c\u00f4te de b\u0153uf l\u2019accompagnera \u00e0 merveille. Incontestablement, un grand vin de l\u2019appellation Saint Chinian.","og_url":"https:\/\/fonsalade.com\/en\/product-2\/magnum-chateau-fonsalade\/","og_site_name":"Fonsalade","article_publisher":"https:\/\/www.facebook.com\/Fonsalade","article_modified_time":"2022-04-07T13:42:33+00:00","og_image":[{"width":1000,"height":1000,"url":"https:\/\/fonsalade.com\/wp-content\/uploads\/2021\/07\/Chateau-Fonsalade-Chateau-Fonsalade-rouge.png","type":"image\/png"}],"twitter_card":"summary_large_image","twitter_site":"@Fonsalade","schema":{"@context":"https:\/\/schema.org","@graph":[{"@type":"WebPage","@id":"https:\/\/fonsalade.com\/produit\/magnum-chateau-fonsalade\/","url":"https:\/\/fonsalade.com\/produit\/magnum-chateau-fonsalade\/","name":"Fonsalade | Magnum Chateau Fonsalade","isPartOf":{"@id":"https:\/\/fonsalade.com\/#website"},"primaryImageOfPage":{"@id":"https:\/\/fonsalade.com\/produit\/magnum-chateau-fonsalade\/#primaryimage"},"image":{"@id":"https:\/\/fonsalade.com\/produit\/magnum-chateau-fonsalade\/#primaryimage"},"thumbnailUrl":"https:\/\/fonsalade.com\/wp-content\/uploads\/2021\/07\/Chateau-Fonsalade-Chateau-Fonsalade-rouge.png","datePublished":"2022-01-19T15:08:36+00:00","dateModified":"2022-04-07T13:42:33+00:00","breadcrumb":{"@id":"https:\/\/fonsalade.com\/produit\/magnum-chateau-fonsalade\/#breadcrumb"},"inLanguage":"en-GB","potentialAction":[{"@type":"ReadAction","target":["https:\/\/fonsalade.com\/produit\/magnum-chateau-fonsalade\/"]}]},{"@type":"ImageObject","inLanguage":"en-GB","@id":"https:\/\/fonsalade.com\/produit\/magnum-chateau-fonsalade\/#primaryimage","url":"https:\/\/fonsalade.com\/wp-content\/uploads\/2021\/07\/Chateau-Fonsalade-Chateau-Fonsalade-rouge.png","contentUrl":"https:\/\/fonsalade.com\/wp-content\/uploads\/2021\/07\/Chateau-Fonsalade-Chateau-Fonsalade-rouge.png","width":1000,"height":1000,"caption":"Ch\u00e2teau Fonsalade"},{"@type":"BreadcrumbList","@id":"https:\/\/fonsalade.com\/produit\/magnum-chateau-fonsalade\/#breadcrumb","itemListElement":[{"@type":"ListItem","position":1,"name":"Accueil","item":"https:\/\/fonsalade.com\/"},{"@type":"ListItem","position":2,"name":"Boutique","item":"https:\/\/fonsalade.com\/?page_id=11"},{"@type":"ListItem","position":3,"name":"Magnum Chateau Fonsalade"}]},{"@type":"WebSite","@id":"https:\/\/fonsalade.com\/#website","url":"https:\/\/fonsalade.com\/","name":"Fonsalade","description":"Grand Vin du Languedoc","publisher":{"@id":"https:\/\/fonsalade.com\/#organization"},"potentialAction":[{"@type":"SearchAction","target":{"@type":"EntryPoint","urlTemplate":"https:\/\/fonsalade.com\/?s={search_term_string}"},"query-input":{"@type":"PropertyValueSpecification","valueRequired":true,"valueName":"search_term_string"}}],"inLanguage":"en-GB"},{"@type":"Organization","@id":"https:\/\/fonsalade.com\/#organization","name":"Ch\u00e2teau Fonsalade","url":"https:\/\/fonsalade.com\/","logo":{"@type":"ImageObject","inLanguage":"en-GB","@id":"https:\/\/fonsalade.com\/#\/schema\/logo\/image\/","url":"https:\/\/fonsalade.com\/wp-content\/uploads\/2022\/02\/cropped-logo-Fonsalade.png","contentUrl":"https:\/\/fonsalade.com\/wp-content\/uploads\/2022\/02\/cropped-logo-Fonsalade.png","width":300,"height":200,"caption":"Ch\u00e2teau Fonsalade"},"image":{"@id":"https:\/\/fonsalade.com\/#\/schema\/logo\/image\/"},"sameAs":["https:\/\/www.facebook.com\/Fonsalade","https:\/\/x.com\/Fonsalade","https:\/\/www.instagram.com\/chateau_fonsalade\/","https:\/\/www.linkedin.com\/company\/chateau-fonsalade\/"]}]}},"_links":{"self":[{"href":"https:\/\/fonsalade.com\/en\/wp-json\/wp\/v2\/product\/6594","targetHints":{"allow":["GET"]}}],"collection":[{"href":"https:\/\/fonsalade.com\/en\/wp-json\/wp\/v2\/product"}],"about":[{"href":"https:\/\/fonsalade.com\/en\/wp-json\/wp\/v2\/types\/product"}],"replies":[{"embeddable":true,"href":"https:\/\/fonsalade.com\/en\/wp-json\/wp\/v2\/comments?post=6594"}],"version-history":[{"count":1,"href":"https:\/\/fonsalade.com\/en\/wp-json\/wp\/v2\/product\/6594\/revisions"}],"predecessor-version":[{"id":6595,"href":"https:\/\/fonsalade.com\/en\/wp-json\/wp\/v2\/product\/6594\/revisions\/6595"}],"wp:featuredmedia":[{"embeddable":true,"href":"https:\/\/fonsalade.com\/en\/wp-json\/wp\/v2\/media\/6564"}],"wp:attachment":[{"href":"https:\/\/fonsalade.com\/en\/wp-json\/wp\/v2\/media?parent=6594"}],"wp:term":[{"taxonomy":"product_cat","embeddable":true,"href":"https:\/\/fonsalade.com\/en\/wp-json\/wp\/v2\/product_cat?post=6594"},{"taxonomy":"product_tag","embeddable":true,"href":"https:\/\/fonsalade.com\/en\/wp-json\/wp\/v2\/product_tag?post=6594"}],"curies":[{"name":"wp","href":"https:\/\/api.w.org\/{rel}","templated":true}]}}